{"id":7207,"date":"2021-04-07T16:20:04","date_gmt":"2021-04-07T14:20:04","guid":{"rendered":"https:\/\/defko.eu\/?page_id=7207"},"modified":"2024-03-06T09:53:41","modified_gmt":"2024-03-06T08:53:41","slug":"agb","status":"publish","type":"page","link":"https:\/\/defko.eu\/hu\/agb\/","title":{"rendered":"\u00c1ltal\u00e1nos Sz\u00e1ll\u00edt\u00e1si \u00e9s Fizet\u00e9si Felt\u00e9telek"},"content":{"rendered":"<ol>\n<li><strong>Az \u00dczleti Felt\u00e9telek \u00e9rv\u00e9nyess\u00e9ge<\/strong><br \/>\nSz\u00e1ll\u00edt\u00e1sokra \u2013 a megrendel\u00e9s \u00e9rt\u00e9k\u00e9t\u0151l f\u00fcggetlen\u00fcl \u2013 kiz\u00e1r\u00f3lag a Defko Kft. al\u00e1bbi sz\u00e1ll\u00edt\u00e1si felt\u00e9telei alapj\u00e1n ker\u00fcl sor. A vev\u0151 beszerz\u00e9si felt\u00e9telei vagy egy\u00e9b felt\u00e9telei csak akkor \u00e9rv\u00e9nyesek, ha azokat a Defko Kft. \u00edr\u00e1sban meger\u0151s\u00edti, visszaigazolja.<\/li>\n<li><strong>Sz\u00e1ll\u00edt\u00e1sok<\/strong><br \/>\nA sz\u00e1ll\u00edt\u00e1sokra a vev\u0151vel val\u00f3 egyeztet\u00e9s szerint, k\u00f6telezetts\u00e9g n\u00e9lk\u00fcl ker\u00fcl sor. A Defko Kft. \u00e1ltal megnevezett sz\u00e1ll\u00edt\u00e1si hat\u00e1rid\u0151k felt\u00e9tele a sz\u00e1ll\u00edthat\u00f3s\u00e1g. A Defko Kft. fenntartja mag\u00e1nak a jogot, hogy saj\u00e1t m\u00e9rlegel\u00e9se szerint r\u00e9szsz\u00e1ll\u00edt\u00e1sokat v\u00e9gezzen.<br \/>\nHa a felek meg\u00e1llapodtak egy sz\u00e1ll\u00edt\u00e1si hat\u00e1rid\u0151ben, akkor az vis maior vagy m\u00e1s, nem a Defko Kft. \u00e1ltal okozott, el\u0151re nem l\u00e1tott esem\u00e9nyek bek\u00f6vetkez\u00e9se eset\u00e9n megfelel\u0151en meghosszabbodik. Ugyanez vonatkozik b\u00e9rharcok keret\u00e9ben tett int\u00e9zked\u00e9sek, k\u00fcl\u00f6n\u00f6sen sztr\u00e1jk \u00e9s lez\u00e1r\u00e1s eset\u00e9re is. Visszfuvarok eset\u00e9ben k\u00e9rj\u00fck, sz\u00edveskedjenek k\u00f6z\u00f6lni vel\u00fcnk a ki\u00e1ll\u00edtott sz\u00e1mla sz\u00e1m\u00e1t. \u00c1ruj\u00f3v\u00e1\u00edr\u00e1sokat k\u00e9szp\u00e9nzben nem fizet\u00fcnk ki.<\/li>\n<li><strong>Kock\u00e1zat\u00e1tsz\u00e1ll\u00e1s<\/strong><br \/>\nA sz\u00e1ll\u00edt\u00e1s kock\u00e1zata az \u00e1ru Defko Kft. \u00e1ltali vagy az adott kisz\u00e1ll\u00edt\u00f3 rakt\u00e1r \u00e1ltali elk\u00fcld\u00e9s\u00e9vel sz\u00e1ll \u00e1t a vev\u0151re. Ez vonatkozik a r\u00e9szsz\u00e1ll\u00edt\u00e1sokra is.<\/li>\n<li><strong>Fizet\u00e9si felt\u00e9telek<\/strong><br \/>\nA Defko Kft. \u00e1ltal ki\u00e1ll\u00edtott sz\u00e1ml\u00e1kat EUR\u00d3-ban, a Defko Kft. kifizet\u0151hely\u00e9ig (bankj\u00e1ig) d\u00edjmentes\u00edtve, a sz\u00e1mla ki\u00e1ll\u00edt\u00e1s\u00e1t k\u00f6vet\u0151 10 napon bel\u00fcl 3% engedm\u00e9ny levon\u00e1s\u00e1val, vagy a sz\u00e1mla ki\u00e1ll\u00edt\u00e1s\u00e1t k\u00f6vet\u0151 30 napon bel\u00fcl levon\u00e1s n\u00e9lk\u00fcl kell kiegyenl\u00edteni, hacsak a felek m\u00e1sk\u00e9nt nem \u00e1llapodtak meg. Ut\u00e1nv\u00e9tes k\u00fcldem\u00e9nyek eset\u00e9n az engedm\u00e9ny levon\u00e1s\u00e1ra nincs lehet\u0151s\u00e9g. \u00c1tutal\u00e1skor k\u00e9rj\u00fck, sz\u00edveskedjen felt\u00fcntetni a ki\u00e1ll\u00edtott sz\u00e1mla sz\u00e1m\u00e1t. Fizet\u00e9si k\u00e9sedelem eset\u00e9n a bankokn\u00e1l szok\u00e1sos k\u00e9sedelmi kamatokat, valamint minden felsz\u00f3l\u00edt\u00e1si \u00e9s behajt\u00e1si k\u00f6lts\u00e9get is meg kell t\u00e9r\u00edteni. A Defko Kft. fenntartja mag\u00e1nak a jogot, hogy az esetleges, kiegyenl\u00edt\u00e9sre m\u00e9g nem ker\u00fclt k\u00f6vetel\u00e9seit a nem teljes\u00edtett k\u00f6telezetts\u00e9gekbe besz\u00e1m\u00edtsa. E szab\u00e1lyok a r\u00e9szsz\u00e1ll\u00edt\u00e1sokra is ir\u00e1nyad\u00f3ak.<\/li>\n<li><strong>Szavatoss\u00e1g \u00e9s reklam\u00e1ci\u00f3<\/strong><br \/>\n<strong>5.1<\/strong> A Defko Kft. csak az al\u00e1bbi szab\u00e1lyok szerint, azonban legfeljebb a kifog\u00e1solt \u00e1ru sz\u00e1ll\u00edt\u00e1si \u00e9rt\u00e9k\u00e9nek m\u00e9rt\u00e9k\u00e9ig v\u00e1llal szavatoss\u00e1got a hib\u00e1k\u00e9rt, hi\u00e1nyoss\u00e1gok\u00e9rt, hib\u00e1s sz\u00e1ll\u00edt\u00e1s\u00e9rt \u00e9s mennyis\u00e9gi elt\u00e9r\u00e9sek\u00e9rt. Minden tov\u00e1bbi szavatoss\u00e1got kiz\u00e1r.<br \/>\n<strong>5.2<\/strong> A Defko Kft. a hib\u00e1k\u00e9rt, hi\u00e1nyoss\u00e1gok\u00e9rt csak abban az esetben felel, ha azok nem a vev\u0151 vagy egy, nem a Defko Kft. \u00e1ltal megb\u00edzott harmadik szem\u00e9ly magatart\u00e1s\u00e1ra vezethet\u0151k vissza. Ez k\u00fcl\u00f6n\u00f6sen ir\u00e1nyad\u00f3 a hib\u00e1s kezel\u00e9s, a hib\u00e1s be\u00e9p\u00edt\u00e9s, stb. eseteire.<br \/>\n<strong>5.3<\/strong> A vev\u0151 k\u00f6teles a Defko Kft. \u00e1ltal sz\u00e1ll\u00edtott \u00e1rut a vev\u0151n\u00e9l t\u00f6rt\u00e9nt lesz\u00e1ll\u00edt\u00e1st k\u00f6vet\u0151en halad\u00e9ktalanul megvizsg\u00e1lni. A nyilv\u00e1nval\u00f3 hib\u00e1kat, hi\u00e1nyoss\u00e1gokat \u00e9s mennyis\u00e9gi elt\u00e9r\u00e9seket 10 napos jogveszt\u0151 hat\u00e1rid\u0151n bel\u00fcl \u00edr\u00e1sban kell bejelenteni a Defko Kft. fel\u00e9, az esetleges hiba, hi\u00e1nyoss\u00e1g fajt\u00e1j\u00e1nak \u00e9s terjedelm\u00e9nek megad\u00e1s\u00e1val. Ugyanez vonatkozik a rejtett hib\u00e1kra is, azok felfedez\u00e9s\u00e9t k\u00f6vet\u0151en. Ha a fentiek alapj\u00e1n a reklam\u00e1ci\u00f3k elk\u00e9settek, akkor a Defko Kft. mentes\u00fcl a szavatoss\u00e1gi k\u00f6telezetts\u00e9ge al\u00f3l.<br \/>\n<strong>5.4<\/strong> A Defko Kft. t\u00e9ves sz\u00e1ll\u00edt\u00e1s vagy hib\u00e1s sz\u00e1ll\u00edt\u00e1s eset\u00e9n saj\u00e1t m\u00e9rlegel\u00e9se szerint az \u00e1rut p\u00f3tolja, vagy ut\u00f3lag kijav\u00edtja. Ha a p\u00f3tl\u00e1s vagy ut\u00f3lagos jav\u00edt\u00e1s v\u00e9glegesen sikertelen, akkor a vev\u0151 saj\u00e1t v\u00e1laszt\u00e1sa szerint az \u00e1r cs\u00f6kkent\u00e9s\u00e9t k\u00f6vetelheti, vagy a szerz\u0151d\u00e9st\u0151l el\u00e1llhat.<br \/>\n<strong>5.5<\/strong> A Defko Kft. felel\u0151ss\u00e9ge a p\u00f3talkatr\u00e9sz-sz\u00e1ll\u00edt\u00e1s, illet\u0151leg az ut\u00f3lagos jav\u00edt\u00e1s k\u00f6lts\u00e9geire korl\u00e1toz\u00f3dik. A hi\u00e1nyoss\u00e1g, hiba \u00e1ltal okozott k\u00f6vetkezm\u00e9nyi k\u00e1rok\u00e9rt a Defko Kft. csak egy hiba rosszhiszem\u0171 elhallgat\u00e1sa, valamint valamely v\u00e1llalt tulajdons\u00e1g meg nem l\u00e9te eset\u00e9n fizet k\u00e1rt\u00e9r\u00edt\u00e9st, amennyiben a v\u00e1llal\u00e1s c\u00e9lja \u00e9ppen a vev\u0151 biztos\u00edt\u00e1sa olyan k\u00e1rok ellen, melyek nem mag\u00e1n a sz\u00e1ll\u00edtott t\u00e1rgyon keletkeznek.<\/li>\n<li><strong>Egy\u00e9b felel\u0151ss\u00e9gv\u00e1llal\u00e1s<\/strong><br \/>\n<strong>6.1<\/strong> A Defko Kft. egyebekben csak a tulajdonos vagy vezet\u0151 \u00e1ll\u00e1s\u00fa alkalmazott sz\u00e1nd\u00e9koss\u00e1ga vagy s\u00falyos gondatlans\u00e1ga eset\u00e9n felel. A teljes\u00edt\u00e9si seg\u00e9dek magatart\u00e1s\u00e1\u00e9rt a Defko Kft. csak s\u00falyos v\u00e9tkess\u00e9g eset\u00e9n k\u00f6teles felelni, amennyiben f\u0151 k\u0151telezetts\u00e9gek megszeg\u00e9s\u00e9r\u0151l van sz\u00f3.<br \/>\n<strong>6.2<\/strong> Ha a Defko Kft. m\u00e1s, k\u00f6telez\u0151 \u00e9rv\u00e9ny\u0171 jogszab\u00e1lyi el\u0151\u00edr\u00e1sok alapj\u00e1n k\u00f6teles felelni, akkor azokat a jelen szab\u00e1lyoz\u00e1s nem \u00e9rinti.<\/li>\n<li><strong>A tulajdonjog fenntart\u00e1sa<\/strong><br \/>\n<strong>7.1<\/strong> A Defko Kft. minden lesz\u00e1ll\u00edtott dolgon fenntartja mag\u00e1nak a tulajdonjogot mindaddig, am\u00edg valamennyi, a vev\u0151vel szembeni, a Defko Kft-vel fenn\u00e1ll\u00f3 \u00fczleti kapcsolatb\u00f3l ered\u0151 k\u00f6vetel\u00e9se &#8211; a j\u00e1rul\u00e9kos k\u00f6vetel\u00e9sekkel egy\u00fctt -, a j\u00f6v\u0151ben keletkez\u0151 k\u00f6vetel\u00e9seket is bele\u00e9rtve teljes eg\u00e9sz\u00e9ben kiegyenl\u00edt\u00e9sre nem ker\u00fcl. A vev\u0151 a lesz\u00e1ll\u00edtott dolgokat mindig a Defko Kft. r\u00e9sz\u00e9re dolgozza fel vagy alak\u00edtja \u00e1t.<br \/>\n<strong>7.2<\/strong> A vev\u0151 jogosult a Defko Kft. tulajdonjog-fenntart\u00e1sa mellett lesz\u00e1ll\u00edtott \u00e1rut a rendes \u00fczletmenet keret\u00e9ben tov\u00e1bb elidegen\u00edteni. A vev\u0151 a Defko Kft-re engedm\u00e9nyez m\u00e1r most minden olyan k\u00f6vetel\u00e9st, amely a tov\u00e1bb\u00e9rt\u00e9kes\u00edt\u00e9sb\u0151l az \u0151 vev\u0151j\u00e9vel vagy harmadik szem\u00e9lyekkel szemben n\u00e1la keletkezik. Ez att\u00f3l f\u00fcggetlen\u00fcl ir\u00e1nyad\u00f3, hogy a tulajdonjog-fenntart\u00e1ssal tov\u00e1bbadott \u00e1ru feldolgoz\u00e1s vagy \u00e1talak\u00edt\u00e1s n\u00e9lk\u00fcl vagy azt k\u00f6vet\u0151en ker\u00fcl tov\u00e1bb\u00e9rt\u00e9kes\u00edt\u00e9sre. A vev\u0151 a Defko Kft. \u00e1ltali visszavon\u00e1sig felhatalmaz\u00e1st kap arra, hogy a Defko Kft-re engedm\u00e9nyezett k\u00f6vetel\u00e9seket behajtsa. A Defko Kft. k\u00f6telezetts\u00e9get v\u00e1llal arra, hogy a k\u00f6vetel\u00e9seket mindaddig nem hajtja be, am\u00edg a vev\u0151 fizet\u00e9si k\u00f6telezetts\u00e9geit rendesen teljes\u00edti. Egyebekben a vev\u0151 nem jogosult a tulajdonjog-fenntart\u00e1ssal lesz\u00e1ll\u00edtott dolgokat z\u00e1logba adni, biztos\u00edt\u00e9kk\u00e9nt \u00e1truh\u00e1zni, vagy arr\u00f3l m\u00e1s m\u00f3don rendelkezni.<br \/>\n<strong>7.3<\/strong> A Defko Kft. k\u00f6telezetts\u00e9get v\u00e1llal arra, hogy az \u0151t megillet\u0151 biztos\u00edt\u00e9kokat a vev\u0151 k\u00e9r\u00e9s\u00e9re felszabad\u00edtja, ha azok \u00e9rt\u00e9ke a Defko Kft. vev\u0151vel szemben fenn\u00e1ll\u00f3, biztos\u00edtott \u00f6sszes k\u00f6vetel\u00e9s\u00e9t 20%-kal meghaladja.<br \/>\n<strong>7.4<\/strong> A tulajdonjog-fenntart\u00e1s alatt \u00e1ll\u00f3 \u00e1ru visszav\u00e9tele, vagy ezen \u00e1ru Defko Kft. \u00e1ltali z\u00e1logba ad\u00e1sa nem min\u0151s\u00fcl a szerz\u0151d\u00e9st\u0151l val\u00f3 el\u00e1ll\u00e1snak.<\/li>\n<li><strong>Besz\u00e1m\u00edt\u00e1s \u00e9s visszatart\u00e1si jogok<\/strong><br \/>\nA vev\u0151 csak olyan k\u00f6vetel\u00e9seket jogosult besz\u00e1m\u00edtani, melyeket a Defko Kft. elismert, vagy melyek joger\u0151sen meg\u00e1llap\u00edt\u00e1sra ker\u00fcltek. Ugyanez vonatkozik a teljes\u00edt\u00e9s megtagad\u00e1s\u00e1nak gyakorl\u00e1s\u00e1ra \u00e9s visszatart\u00e1si jogokra is, a vev\u0151 azok alapj\u00e1t k\u00e9pez\u0151 adott k\u00f6vetel\u00e9se vonatkoz\u00e1s\u00e1ban.<\/li>\n<li><strong>Szerz\u0151d\u00e9sm\u00f3dos\u00edt\u00e1s<\/strong><br \/>\nA szerz\u0151d\u00e9s kieg\u00e9sz\u00edt\u00e9seinek, m\u00f3dos\u00edt\u00e1sainak vagy sz\u00f3beli kieg\u00e9sz\u00edt\u0151 meg\u00e1llapod\u00e1soknak az \u00e9rv\u00e9nyess\u00e9g\u00e9hez a Defko Kft. \u00edr\u00e1sbeli meger\u0151s\u00edt\u00e9se sz\u00fcks\u00e9ges.<\/li>\n<li><strong>Egyebek<\/strong><br \/>\n<strong>10.1<\/strong> A Defko Kft. sz\u00e1ll\u00edt\u00e1saira \u00e9s szolg\u00e1ltat\u00e1saira kiz\u00e1r\u00f3lag az osztr\u00e1k jog ir\u00e1nyad\u00f3, az \u00e1ruk nemzetk\u00f6zi ad\u00e1sv\u00e9teli szerz\u0151d\u00e9seir\u0151l sz\u00f3l\u00f3 ENSZ Egyezm\u00e9ny kiz\u00e1r\u00e1sa mellett.<br \/>\n<strong>10.2<\/strong> A teljes\u00edt\u00e9s helye Wiener Neustadt, az illet\u00e9kes b\u00edr\u00f3s\u00e1g a wiener neustadt-i b\u00edr\u00f3s\u00e1g, A Defko Kft. fenntartja mag\u00e1nak a jogot, hogy saj\u00e1t v\u00e1laszt\u00e1sa szerint a vev\u0151vel szemben a r\u00e1 ir\u00e1nyad\u00f3 \u00e1ltal\u00e1nos b\u00edr\u00f3s\u00e1gi illet\u00e9kess\u00e9g szerint l\u00e9pjen fel. Ez arra az esetre is vonatkozik, ha a t\u00f6rv\u00e9ny kiz\u00e1r\u00f3lagos b\u00edr\u00f3s\u00e1gi illet\u00e9kess\u00e9get \u00edr el\u0151, k\u00fcl\u00f6n\u00f6sen v\u00e1lt\u00f3- \u00e9s csekk-k\u00f6vetel\u00e9sek eset\u00e9n.<br \/>\n<strong>10.3<\/strong> Abban az esetben, ha a fenti kik\u00f6t\u00e9sek k\u00f6z\u00fcl egy vagy t\u00f6bb \u00e9rv\u00e9nytelen lenne, vagy azz\u00e1 v\u00e1lna, \u00fagy az a t\u00f6bbi kik\u00f6t\u00e9s \u00e9rv\u00e9nyess\u00e9g\u00e9t nem \u00e9rinti.<br \/>\n<strong>10.4<\/strong> Az \u00fczleti kapcsolatok keret\u00e9ben a vev\u0151kre \u00e9s a besz\u00e1ll\u00edt\u00f3kra vonatkoz\u00f3 adatokat a Defko Kft. elmenti \u00e9s feldolgozza.<\/li>\n<li><strong>K\u00fcl\u00f6nmeg\u00e1llapod\u00e1sok<\/strong><br \/>\n<strong>11.1<\/strong> A vev\u0151k \u00e9s a Defko Kft. k\u00f6z\u00f6tti, b\u00e1rmilyen form\u00e1ban l\u00e9trej\u00f6tt k\u00fcl\u00f6nmeg\u00e1llapod\u00e1sok csak egy k\u00f6z\u00f6s \u00edr\u00e1sbeli meg\u00e1llapod\u00e1s ut\u00e1n \u00e9rv\u00e9nyesek.<br \/>\n<strong>11.2<\/strong> A sz\u00f3beli meg\u00e1llapod\u00e1sok semmilyen \u00e9rv\u00e9nnyel nem b\u00edrnak.<\/li>\n<\/ol>\n","protected":false},"excerpt":{"rendered":"<p>Az \u00dczleti Felt\u00e9telek \u00e9rv\u00e9nyess\u00e9ge Sz\u00e1ll\u00edt\u00e1sokra \u2013 a megrendel\u00e9s \u00e9rt\u00e9k\u00e9t\u0151l f\u00fcggetlen\u00fcl \u2013 kiz\u00e1r\u00f3lag a Defko Kft. al\u00e1bbi sz\u00e1ll\u00edt\u00e1si felt\u00e9telei alapj\u00e1n ker\u00fcl sor. A vev\u0151 beszerz\u00e9si felt\u00e9telei vagy egy\u00e9b felt\u00e9telei csak akkor \u00e9rv\u00e9nyesek, ha azokat a Defko Kft. \u00edr\u00e1sban meger\u0151s\u00edti, visszaigazolja. Sz\u00e1ll\u00edt\u00e1sok A sz\u00e1ll\u00edt\u00e1sokra a vev\u0151vel val\u00f3 egyeztet\u00e9s szerint, k\u00f6telezetts\u00e9g n\u00e9lk\u00fcl ker\u00fcl sor. A Defko Kft. \u00e1ltal [&hellip;]<\/p>\n","protected":false},"author":2,"featured_media":0,"parent":0,"menu_order":0,"comment_status":"closed","ping_status":"closed","template":"","meta":{"footnotes":""},"class_list":["post-7207","page","type-page","status-publish","hentry"],"yoast_head":"<!-- This site is optimized with the Yoast SEO plugin v27.3 - https:\/\/yoast.com\/product\/yoast-seo-wordpress\/ -->\n<title>defko - Superior Sinter Solutions\u00c1ltal\u00e1nos Szerz\u0151d\u00e9si Felt\u00e9telek<\/title>\n<meta name=\"description\" content=\"K\u00e9rj\u00fck, olvassa el a defko \u00e1ltal\u00e1nos szerz\u0151d\u00e9si felt\u00e9teleit, amelyek a sz\u00e1ll\u00edt\u00e1si \u00e9s fizet\u00e9si felt\u00e9teleket is tartalmazz\u00e1k, hogy meg\u00e9rtse egy\u00fcttm\u0171k\u00f6d\u00e9s\u00fcnket.\" \/>\n<meta name=\"robots\" content=\"index, follow, max-snippet:-1, max-image-preview:large, max-video-preview:-1\" \/>\n<link rel=\"canonical\" href=\"https:\/\/defko.eu\/hu\/agb\/\" \/>\n<meta property=\"og:locale\" content=\"hu_HU\" \/>\n<meta property=\"og:type\" content=\"article\" \/>\n<meta property=\"og:title\" content=\"defko - Superior Sinter Solutions\u00c1ltal\u00e1nos Szerz\u0151d\u00e9si Felt\u00e9telek\" \/>\n<meta property=\"og:description\" content=\"K\u00e9rj\u00fck, olvassa el a defko \u00e1ltal\u00e1nos szerz\u0151d\u00e9si felt\u00e9teleit, amelyek a sz\u00e1ll\u00edt\u00e1si \u00e9s fizet\u00e9si felt\u00e9teleket is tartalmazz\u00e1k, hogy meg\u00e9rtse egy\u00fcttm\u0171k\u00f6d\u00e9s\u00fcnket.\" \/>\n<meta property=\"og:url\" content=\"https:\/\/defko.eu\/hu\/agb\/\" \/>\n<meta property=\"og:site_name\" content=\"defko\" \/>\n<meta property=\"article:modified_time\" content=\"2024-03-06T08:53:41+00:00\" \/>\n<meta property=\"og:image\" content=\"https:\/\/defko.eu\/wp-content\/uploads\/2023\/11\/defko-card-logo.png\" \/>\n\t<meta property=\"og:image:width\" content=\"220\" \/>\n\t<meta property=\"og:image:height\" content=\"220\" \/>\n\t<meta property=\"og:image:type\" content=\"image\/png\" \/>\n<script type=\"application\/ld+json\" class=\"yoast-schema-graph\">{\"@context\":\"https:\\\/\\\/schema.org\",\"@graph\":[{\"@type\":\"WebPage\",\"@id\":\"https:\\\/\\\/defko.eu\\\/hu\\\/agb\\\/\",\"url\":\"https:\\\/\\\/defko.eu\\\/hu\\\/agb\\\/\",\"name\":\"defko - Superior Sinter Solutions\u00c1ltal\u00e1nos Szerz\u0151d\u00e9si Felt\u00e9telek\",\"isPartOf\":{\"@id\":\"https:\\\/\\\/defko.eu\\\/hu\\\/#website\"},\"datePublished\":\"2021-04-07T14:20:04+00:00\",\"dateModified\":\"2024-03-06T08:53:41+00:00\",\"description\":\"K\u00e9rj\u00fck, olvassa el a defko \u00e1ltal\u00e1nos szerz\u0151d\u00e9si felt\u00e9teleit, amelyek a sz\u00e1ll\u00edt\u00e1si \u00e9s fizet\u00e9si felt\u00e9teleket is tartalmazz\u00e1k, hogy meg\u00e9rtse egy\u00fcttm\u0171k\u00f6d\u00e9s\u00fcnket.\",\"breadcrumb\":{\"@id\":\"https:\\\/\\\/defko.eu\\\/hu\\\/agb\\\/#breadcrumb\"},\"inLanguage\":\"hu\",\"potentialAction\":[{\"@type\":\"ReadAction\",\"target\":[\"https:\\\/\\\/defko.eu\\\/hu\\\/agb\\\/\"]}]},{\"@type\":\"BreadcrumbList\",\"@id\":\"https:\\\/\\\/defko.eu\\\/hu\\\/agb\\\/#breadcrumb\",\"itemListElement\":[{\"@type\":\"ListItem\",\"position\":1,\"name\":\"Startseite\",\"item\":\"https:\\\/\\\/defko.eu\\\/hu\\\/\"},{\"@type\":\"ListItem\",\"position\":2,\"name\":\"\u00c1ltal\u00e1nos Sz\u00e1ll\u00edt\u00e1si \u00e9s Fizet\u00e9si Felt\u00e9telek\"}]},{\"@type\":\"WebSite\",\"@id\":\"https:\\\/\\\/defko.eu\\\/hu\\\/#website\",\"url\":\"https:\\\/\\\/defko.eu\\\/hu\\\/\",\"name\":\"defko\",\"description\":\"Superior Sinter Solutions\",\"publisher\":{\"@id\":\"https:\\\/\\\/defko.eu\\\/hu\\\/#organization\"},\"potentialAction\":[{\"@type\":\"SearchAction\",\"target\":{\"@type\":\"EntryPoint\",\"urlTemplate\":\"https:\\\/\\\/defko.eu\\\/hu\\\/?s={search_term_string}\"},\"query-input\":{\"@type\":\"PropertyValueSpecification\",\"valueRequired\":true,\"valueName\":\"search_term_string\"}}],\"inLanguage\":\"hu\"},{\"@type\":\"Organization\",\"@id\":\"https:\\\/\\\/defko.eu\\\/hu\\\/#organization\",\"name\":\"Defko\",\"url\":\"https:\\\/\\\/defko.eu\\\/hu\\\/\",\"logo\":{\"@type\":\"ImageObject\",\"inLanguage\":\"hu\",\"@id\":\"https:\\\/\\\/defko.eu\\\/hu\\\/#\\\/schema\\\/logo\\\/image\\\/\",\"url\":\"https:\\\/\\\/defko.eu\\\/wp-content\\\/uploads\\\/2023\\\/11\\\/defko-card-logo.png\",\"contentUrl\":\"https:\\\/\\\/defko.eu\\\/wp-content\\\/uploads\\\/2023\\\/11\\\/defko-card-logo.png\",\"width\":220,\"height\":220,\"caption\":\"Defko\"},\"image\":{\"@id\":\"https:\\\/\\\/defko.eu\\\/hu\\\/#\\\/schema\\\/logo\\\/image\\\/\"}}]}<\/script>\n<!-- \/ Yoast SEO plugin. -->","yoast_head_json":{"title":"defko - Superior Sinter Solutions\u00c1ltal\u00e1nos Szerz\u0151d\u00e9si Felt\u00e9telek","description":"K\u00e9rj\u00fck, olvassa el a defko \u00e1ltal\u00e1nos szerz\u0151d\u00e9si felt\u00e9teleit, amelyek a sz\u00e1ll\u00edt\u00e1si \u00e9s fizet\u00e9si felt\u00e9teleket is tartalmazz\u00e1k, hogy meg\u00e9rtse egy\u00fcttm\u0171k\u00f6d\u00e9s\u00fcnket.","robots":{"index":"index","follow":"follow","max-snippet":"max-snippet:-1","max-image-preview":"max-image-preview:large","max-video-preview":"max-video-preview:-1"},"canonical":"https:\/\/defko.eu\/hu\/agb\/","og_locale":"hu_HU","og_type":"article","og_title":"defko - Superior Sinter Solutions\u00c1ltal\u00e1nos Szerz\u0151d\u00e9si Felt\u00e9telek","og_description":"K\u00e9rj\u00fck, olvassa el a defko \u00e1ltal\u00e1nos szerz\u0151d\u00e9si felt\u00e9teleit, amelyek a sz\u00e1ll\u00edt\u00e1si \u00e9s fizet\u00e9si felt\u00e9teleket is tartalmazz\u00e1k, hogy meg\u00e9rtse egy\u00fcttm\u0171k\u00f6d\u00e9s\u00fcnket.","og_url":"https:\/\/defko.eu\/hu\/agb\/","og_site_name":"defko","article_modified_time":"2024-03-06T08:53:41+00:00","og_image":[{"width":220,"height":220,"url":"https:\/\/defko.eu\/wp-content\/uploads\/2023\/11\/defko-card-logo.png","type":"image\/png"}],"schema":{"@context":"https:\/\/schema.org","@graph":[{"@type":"WebPage","@id":"https:\/\/defko.eu\/hu\/agb\/","url":"https:\/\/defko.eu\/hu\/agb\/","name":"defko - Superior Sinter Solutions\u00c1ltal\u00e1nos Szerz\u0151d\u00e9si Felt\u00e9telek","isPartOf":{"@id":"https:\/\/defko.eu\/hu\/#website"},"datePublished":"2021-04-07T14:20:04+00:00","dateModified":"2024-03-06T08:53:41+00:00","description":"K\u00e9rj\u00fck, olvassa el a defko \u00e1ltal\u00e1nos szerz\u0151d\u00e9si felt\u00e9teleit, amelyek a sz\u00e1ll\u00edt\u00e1si \u00e9s fizet\u00e9si felt\u00e9teleket is tartalmazz\u00e1k, hogy meg\u00e9rtse egy\u00fcttm\u0171k\u00f6d\u00e9s\u00fcnket.","breadcrumb":{"@id":"https:\/\/defko.eu\/hu\/agb\/#breadcrumb"},"inLanguage":"hu","potentialAction":[{"@type":"ReadAction","target":["https:\/\/defko.eu\/hu\/agb\/"]}]},{"@type":"BreadcrumbList","@id":"https:\/\/defko.eu\/hu\/agb\/#breadcrumb","itemListElement":[{"@type":"ListItem","position":1,"name":"Startseite","item":"https:\/\/defko.eu\/hu\/"},{"@type":"ListItem","position":2,"name":"\u00c1ltal\u00e1nos Sz\u00e1ll\u00edt\u00e1si \u00e9s Fizet\u00e9si Felt\u00e9telek"}]},{"@type":"WebSite","@id":"https:\/\/defko.eu\/hu\/#website","url":"https:\/\/defko.eu\/hu\/","name":"defko","description":"Superior Sinter Solutions","publisher":{"@id":"https:\/\/defko.eu\/hu\/#organization"},"potentialAction":[{"@type":"SearchAction","target":{"@type":"EntryPoint","urlTemplate":"https:\/\/defko.eu\/hu\/?s={search_term_string}"},"query-input":{"@type":"PropertyValueSpecification","valueRequired":true,"valueName":"search_term_string"}}],"inLanguage":"hu"},{"@type":"Organization","@id":"https:\/\/defko.eu\/hu\/#organization","name":"Defko","url":"https:\/\/defko.eu\/hu\/","logo":{"@type":"ImageObject","inLanguage":"hu","@id":"https:\/\/defko.eu\/hu\/#\/schema\/logo\/image\/","url":"https:\/\/defko.eu\/wp-content\/uploads\/2023\/11\/defko-card-logo.png","contentUrl":"https:\/\/defko.eu\/wp-content\/uploads\/2023\/11\/defko-card-logo.png","width":220,"height":220,"caption":"Defko"},"image":{"@id":"https:\/\/defko.eu\/hu\/#\/schema\/logo\/image\/"}}]}},"_links":{"self":[{"href":"https:\/\/defko.eu\/hu\/wp-json\/wp\/v2\/pages\/7207","targetHints":{"allow":["GET"]}}],"collection":[{"href":"https:\/\/defko.eu\/hu\/wp-json\/wp\/v2\/pages"}],"about":[{"href":"https:\/\/defko.eu\/hu\/wp-json\/wp\/v2\/types\/page"}],"author":[{"embeddable":true,"href":"https:\/\/defko.eu\/hu\/wp-json\/wp\/v2\/users\/2"}],"replies":[{"embeddable":true,"href":"https:\/\/defko.eu\/hu\/wp-json\/wp\/v2\/comments?post=7207"}],"version-history":[{"count":1,"href":"https:\/\/defko.eu\/hu\/wp-json\/wp\/v2\/pages\/7207\/revisions"}],"predecessor-version":[{"id":7208,"href":"https:\/\/defko.eu\/hu\/wp-json\/wp\/v2\/pages\/7207\/revisions\/7208"}],"wp:attachment":[{"href":"https:\/\/defko.eu\/hu\/wp-json\/wp\/v2\/media?parent=7207"}],"curies":[{"name":"wp","href":"https:\/\/api.w.org\/{rel}","templated":true}]}}