{"id":7041,"date":"2021-03-26T12:18:51","date_gmt":"2021-03-26T11:18:51","guid":{"rendered":"https:\/\/defko.eu\/?page_id=7041"},"modified":"2024-03-06T09:56:58","modified_gmt":"2024-03-06T08:56:58","slug":"superior-sinter-solutions","status":"publish","type":"page","link":"https:\/\/defko.eu\/hu\/adatvedelmi-nyilatkozat\/superior-sinter-solutions\/","title":{"rendered":"Szervezeti fel\u00e9p\u00edt\u00e9s"},"content":{"rendered":"<div class=\"wpb-content-wrapper\"><p>[vc_row padding_top=&#8221;5%&#8221; padding_bottom=&#8221;7%&#8221;][vc_column]<h4 class=\"grve-element grve-align-center grve-title-line grve-h4\" style=\"margin-bottom: 40px;\"><span>Szervezet\u00fcnk<\/span><\/h4>[vc_column_text text_style=&#8221;leader-text&#8221;]<\/p>\n<p style=\"text-align: center;\">Hogyan m\u0171k\u00f6dik a Defko?<br \/>\n\u00cdgy n\u00e9z ki t\u00e1rsas\u00e1gunkn\u00e1l a c\u00e9gszerkezet, a fel\u00e9p\u00edt\u00e9s \u00e9s a feladatok megoszt\u00e1sa.<\/p>\n<p>[\/vc_column_text][\/vc_column][\/vc_row][vc_row][vc_column]<div class=\"grve-element grve-image grve-full-image grve-align-center\" style=\"margin-bottom: 10%;\"><a class=\"grve-image-popup\" href=\"https:\/\/defko.eu\/wp-content\/uploads\/2021\/04\/defko-Organigramm-HU-1920x817.jpg\"><img loading=\"lazy\" decoding=\"async\" width=\"2186\" height=\"930\" src=\"https:\/\/defko.eu\/wp-content\/uploads\/2021\/04\/defko-Organigramm-HU.jpg\" class=\"attachment-full size-full\" alt=\"Szervezeti fel\u00e9p\u00edt\u00e9s\" srcset=\"https:\/\/defko.eu\/wp-content\/uploads\/2021\/04\/defko-Organigramm-HU.jpg 2186w, https:\/\/defko.eu\/wp-content\/uploads\/2021\/04\/defko-Organigramm-HU-300x128.jpg 300w, https:\/\/defko.eu\/wp-content\/uploads\/2021\/04\/defko-Organigramm-HU-1024x436.jpg 1024w, https:\/\/defko.eu\/wp-content\/uploads\/2021\/04\/defko-Organigramm-HU-768x327.jpg 768w, https:\/\/defko.eu\/wp-content\/uploads\/2021\/04\/defko-Organigramm-HU-1536x653.jpg 1536w, https:\/\/defko.eu\/wp-content\/uploads\/2021\/04\/defko-Organigramm-HU-1920x817.jpg 1920w\" sizes=\"auto, (max-width: 2186px) 100vw, 2186px\" \/><\/a><\/div>[\/vc_column][\/vc_row]<\/p>\n<\/div>","protected":false},"excerpt":{"rendered":"<p>[vc_row padding_top=&#8221;5%&#8221; padding_bottom=&#8221;7%&#8221;][vc_column][vc_column_text text_style=&#8221;leader-text&#8221;] Hogyan m\u0171k\u00f6dik a Defko? \u00cdgy n\u00e9z ki t\u00e1rsas\u00e1gunkn\u00e1l a c\u00e9gszerkezet, a fel\u00e9p\u00edt\u00e9s \u00e9s a feladatok megoszt\u00e1sa. [\/vc_column_text][\/vc_column][\/vc_row][vc_row][vc_column][\/vc_column][\/vc_row]<\/p>\n","protected":false},"author":2,"featured_media":0,"parent":7001,"menu_order":0,"comment_status":"closed","ping_status":"closed","template":"","meta":{"footnotes":""},"class_list":["post-7041","page","type-page","status-publish","hentry"],"yoast_head":"<!-- This site is optimized with the Yoast SEO plugin v27.3 - https:\/\/yoast.com\/product\/yoast-seo-wordpress\/ -->\n<title>csapatundefko - Superior Sinter Solutions<\/title>\n<meta name=\"description\" content=\"Fedezze fel a defko fejleszt\u00e9si, innov\u00e1ci\u00f3s \u00e9s prec\u00edzi\u00f3s szinterez\u00e9si technol\u00f3gi\u00e1val kapcsolatos szaktud\u00e1s\u00e1t. T\u00f6bb mint 70 \u00e9ves tapasztalat a szinterezett alkatr\u00e9szek gy\u00e1rt\u00e1s\u00e1ban.\" \/>\n<meta name=\"robots\" content=\"index, follow, max-snippet:-1, max-image-preview:large, max-video-preview:-1\" \/>\n<link rel=\"canonical\" href=\"https:\/\/defko.eu\/hu\/adatvedelmi-nyilatkozat\/superior-sinter-solutions\/\" \/>\n<meta property=\"og:locale\" content=\"hu_HU\" \/>\n<meta property=\"og:type\" content=\"article\" \/>\n<meta property=\"og:title\" content=\"csapatundefko - Superior Sinter Solutions\" \/>\n<meta property=\"og:description\" content=\"Fedezze fel a defko fejleszt\u00e9si, innov\u00e1ci\u00f3s \u00e9s prec\u00edzi\u00f3s szinterez\u00e9si technol\u00f3gi\u00e1val kapcsolatos szaktud\u00e1s\u00e1t. T\u00f6bb mint 70 \u00e9ves tapasztalat a szinterezett alkatr\u00e9szek gy\u00e1rt\u00e1s\u00e1ban.\" \/>\n<meta property=\"og:url\" content=\"https:\/\/defko.eu\/hu\/adatvedelmi-nyilatkozat\/superior-sinter-solutions\/\" \/>\n<meta property=\"og:site_name\" content=\"defko\" \/>\n<meta property=\"article:modified_time\" content=\"2024-03-06T08:56:58+00:00\" \/>\n<meta property=\"og:image\" content=\"https:\/\/defko.eu\/wp-content\/uploads\/2023\/11\/defko-card-logo.png\" \/>\n\t<meta property=\"og:image:width\" content=\"220\" \/>\n\t<meta property=\"og:image:height\" content=\"220\" \/>\n\t<meta property=\"og:image:type\" content=\"image\/png\" \/>\n<script type=\"application\/ld+json\" class=\"yoast-schema-graph\">{\"@context\":\"https:\\\/\\\/schema.org\",\"@graph\":[{\"@type\":\"WebPage\",\"@id\":\"https:\\\/\\\/defko.eu\\\/hu\\\/adatvedelmi-nyilatkozat\\\/superior-sinter-solutions\\\/\",\"url\":\"https:\\\/\\\/defko.eu\\\/hu\\\/adatvedelmi-nyilatkozat\\\/superior-sinter-solutions\\\/\",\"name\":\"csapatundefko - Superior Sinter Solutions\",\"isPartOf\":{\"@id\":\"https:\\\/\\\/defko.eu\\\/hu\\\/#website\"},\"datePublished\":\"2021-03-26T11:18:51+00:00\",\"dateModified\":\"2024-03-06T08:56:58+00:00\",\"description\":\"Fedezze fel a defko fejleszt\u00e9si, innov\u00e1ci\u00f3s \u00e9s prec\u00edzi\u00f3s szinterez\u00e9si technol\u00f3gi\u00e1val kapcsolatos szaktud\u00e1s\u00e1t. T\u00f6bb mint 70 \u00e9ves tapasztalat a szinterezett alkatr\u00e9szek gy\u00e1rt\u00e1s\u00e1ban.\",\"breadcrumb\":{\"@id\":\"https:\\\/\\\/defko.eu\\\/hu\\\/adatvedelmi-nyilatkozat\\\/superior-sinter-solutions\\\/#breadcrumb\"},\"inLanguage\":\"hu\",\"potentialAction\":[{\"@type\":\"ReadAction\",\"target\":[\"https:\\\/\\\/defko.eu\\\/hu\\\/adatvedelmi-nyilatkozat\\\/superior-sinter-solutions\\\/\"]}]},{\"@type\":\"BreadcrumbList\",\"@id\":\"https:\\\/\\\/defko.eu\\\/hu\\\/adatvedelmi-nyilatkozat\\\/superior-sinter-solutions\\\/#breadcrumb\",\"itemListElement\":[{\"@type\":\"ListItem\",\"position\":1,\"name\":\"Startseite\",\"item\":\"https:\\\/\\\/defko.eu\\\/hu\\\/\"},{\"@type\":\"ListItem\",\"position\":2,\"name\":\"C\u00e9g\u00fcnkr\u0151l\",\"item\":\"https:\\\/\\\/defko.eu\\\/hu\\\/adatvedelmi-nyilatkozat\\\/\"},{\"@type\":\"ListItem\",\"position\":3,\"name\":\"Szervezeti fel\u00e9p\u00edt\u00e9s\"}]},{\"@type\":\"WebSite\",\"@id\":\"https:\\\/\\\/defko.eu\\\/hu\\\/#website\",\"url\":\"https:\\\/\\\/defko.eu\\\/hu\\\/\",\"name\":\"defko\",\"description\":\"Superior Sinter Solutions\",\"publisher\":{\"@id\":\"https:\\\/\\\/defko.eu\\\/hu\\\/#organization\"},\"potentialAction\":[{\"@type\":\"SearchAction\",\"target\":{\"@type\":\"EntryPoint\",\"urlTemplate\":\"https:\\\/\\\/defko.eu\\\/hu\\\/?s={search_term_string}\"},\"query-input\":{\"@type\":\"PropertyValueSpecification\",\"valueRequired\":true,\"valueName\":\"search_term_string\"}}],\"inLanguage\":\"hu\"},{\"@type\":\"Organization\",\"@id\":\"https:\\\/\\\/defko.eu\\\/hu\\\/#organization\",\"name\":\"Defko\",\"url\":\"https:\\\/\\\/defko.eu\\\/hu\\\/\",\"logo\":{\"@type\":\"ImageObject\",\"inLanguage\":\"hu\",\"@id\":\"https:\\\/\\\/defko.eu\\\/hu\\\/#\\\/schema\\\/logo\\\/image\\\/\",\"url\":\"https:\\\/\\\/defko.eu\\\/wp-content\\\/uploads\\\/2023\\\/11\\\/defko-card-logo.png\",\"contentUrl\":\"https:\\\/\\\/defko.eu\\\/wp-content\\\/uploads\\\/2023\\\/11\\\/defko-card-logo.png\",\"width\":220,\"height\":220,\"caption\":\"Defko\"},\"image\":{\"@id\":\"https:\\\/\\\/defko.eu\\\/hu\\\/#\\\/schema\\\/logo\\\/image\\\/\"}}]}<\/script>\n<!-- \/ Yoast SEO plugin. -->","yoast_head_json":{"title":"csapatundefko - Superior Sinter Solutions","description":"Fedezze fel a defko fejleszt\u00e9si, innov\u00e1ci\u00f3s \u00e9s prec\u00edzi\u00f3s szinterez\u00e9si technol\u00f3gi\u00e1val kapcsolatos szaktud\u00e1s\u00e1t. T\u00f6bb mint 70 \u00e9ves tapasztalat a szinterezett alkatr\u00e9szek gy\u00e1rt\u00e1s\u00e1ban.","robots":{"index":"index","follow":"follow","max-snippet":"max-snippet:-1","max-image-preview":"max-image-preview:large","max-video-preview":"max-video-preview:-1"},"canonical":"https:\/\/defko.eu\/hu\/adatvedelmi-nyilatkozat\/superior-sinter-solutions\/","og_locale":"hu_HU","og_type":"article","og_title":"csapatundefko - Superior Sinter Solutions","og_description":"Fedezze fel a defko fejleszt\u00e9si, innov\u00e1ci\u00f3s \u00e9s prec\u00edzi\u00f3s szinterez\u00e9si technol\u00f3gi\u00e1val kapcsolatos szaktud\u00e1s\u00e1t. T\u00f6bb mint 70 \u00e9ves tapasztalat a szinterezett alkatr\u00e9szek gy\u00e1rt\u00e1s\u00e1ban.","og_url":"https:\/\/defko.eu\/hu\/adatvedelmi-nyilatkozat\/superior-sinter-solutions\/","og_site_name":"defko","article_modified_time":"2024-03-06T08:56:58+00:00","og_image":[{"width":220,"height":220,"url":"https:\/\/defko.eu\/wp-content\/uploads\/2023\/11\/defko-card-logo.png","type":"image\/png"}],"schema":{"@context":"https:\/\/schema.org","@graph":[{"@type":"WebPage","@id":"https:\/\/defko.eu\/hu\/adatvedelmi-nyilatkozat\/superior-sinter-solutions\/","url":"https:\/\/defko.eu\/hu\/adatvedelmi-nyilatkozat\/superior-sinter-solutions\/","name":"csapatundefko - Superior Sinter Solutions","isPartOf":{"@id":"https:\/\/defko.eu\/hu\/#website"},"datePublished":"2021-03-26T11:18:51+00:00","dateModified":"2024-03-06T08:56:58+00:00","description":"Fedezze fel a defko fejleszt\u00e9si, innov\u00e1ci\u00f3s \u00e9s prec\u00edzi\u00f3s szinterez\u00e9si technol\u00f3gi\u00e1val kapcsolatos szaktud\u00e1s\u00e1t. T\u00f6bb mint 70 \u00e9ves tapasztalat a szinterezett alkatr\u00e9szek gy\u00e1rt\u00e1s\u00e1ban.","breadcrumb":{"@id":"https:\/\/defko.eu\/hu\/adatvedelmi-nyilatkozat\/superior-sinter-solutions\/#breadcrumb"},"inLanguage":"hu","potentialAction":[{"@type":"ReadAction","target":["https:\/\/defko.eu\/hu\/adatvedelmi-nyilatkozat\/superior-sinter-solutions\/"]}]},{"@type":"BreadcrumbList","@id":"https:\/\/defko.eu\/hu\/adatvedelmi-nyilatkozat\/superior-sinter-solutions\/#breadcrumb","itemListElement":[{"@type":"ListItem","position":1,"name":"Startseite","item":"https:\/\/defko.eu\/hu\/"},{"@type":"ListItem","position":2,"name":"C\u00e9g\u00fcnkr\u0151l","item":"https:\/\/defko.eu\/hu\/adatvedelmi-nyilatkozat\/"},{"@type":"ListItem","position":3,"name":"Szervezeti fel\u00e9p\u00edt\u00e9s"}]},{"@type":"WebSite","@id":"https:\/\/defko.eu\/hu\/#website","url":"https:\/\/defko.eu\/hu\/","name":"defko","description":"Superior Sinter Solutions","publisher":{"@id":"https:\/\/defko.eu\/hu\/#organization"},"potentialAction":[{"@type":"SearchAction","target":{"@type":"EntryPoint","urlTemplate":"https:\/\/defko.eu\/hu\/?s={search_term_string}"},"query-input":{"@type":"PropertyValueSpecification","valueRequired":true,"valueName":"search_term_string"}}],"inLanguage":"hu"},{"@type":"Organization","@id":"https:\/\/defko.eu\/hu\/#organization","name":"Defko","url":"https:\/\/defko.eu\/hu\/","logo":{"@type":"ImageObject","inLanguage":"hu","@id":"https:\/\/defko.eu\/hu\/#\/schema\/logo\/image\/","url":"https:\/\/defko.eu\/wp-content\/uploads\/2023\/11\/defko-card-logo.png","contentUrl":"https:\/\/defko.eu\/wp-content\/uploads\/2023\/11\/defko-card-logo.png","width":220,"height":220,"caption":"Defko"},"image":{"@id":"https:\/\/defko.eu\/hu\/#\/schema\/logo\/image\/"}}]}},"_links":{"self":[{"href":"https:\/\/defko.eu\/hu\/wp-json\/wp\/v2\/pages\/7041","targetHints":{"allow":["GET"]}}],"collection":[{"href":"https:\/\/defko.eu\/hu\/wp-json\/wp\/v2\/pages"}],"about":[{"href":"https:\/\/defko.eu\/hu\/wp-json\/wp\/v2\/types\/page"}],"author":[{"embeddable":true,"href":"https:\/\/defko.eu\/hu\/wp-json\/wp\/v2\/users\/2"}],"replies":[{"embeddable":true,"href":"https:\/\/defko.eu\/hu\/wp-json\/wp\/v2\/comments?post=7041"}],"version-history":[{"count":4,"href":"https:\/\/defko.eu\/hu\/wp-json\/wp\/v2\/pages\/7041\/revisions"}],"predecessor-version":[{"id":7107,"href":"https:\/\/defko.eu\/hu\/wp-json\/wp\/v2\/pages\/7041\/revisions\/7107"}],"up":[{"embeddable":true,"href":"https:\/\/defko.eu\/hu\/wp-json\/wp\/v2\/pages\/7001"}],"wp:attachment":[{"href":"https:\/\/defko.eu\/hu\/wp-json\/wp\/v2\/media?parent=7041"}],"curies":[{"name":"wp","href":"https:\/\/api.w.org\/{rel}","templated":true}]}}