{"id":7036,"date":"2021-03-26T12:14:55","date_gmt":"2021-03-26T11:14:55","guid":{"rendered":"https:\/\/defko.eu\/?page_id=7036"},"modified":"2024-03-06T09:58:37","modified_gmt":"2024-03-06T08:58:37","slug":"segitsegevel-munkaeropiac","status":"publish","type":"page","link":"https:\/\/defko.eu\/hu\/adatvedelmi-nyilatkozat\/segitsegevel-munkaeropiac\/","title":{"rendered":"Vezet\u0151s\u00e9g"},"content":{"rendered":"<div class=\"wpb-content-wrapper\"><p>[vc_row padding_top=&#8221;5%&#8221; padding_bottom=&#8221;7%&#8221;][vc_column css=&#8221;.vc_custom_1596544717442{padding-right: 20% !important;padding-left: 20% !important;}&#8221;]<h4 class=\"grve-element grve-align-center grve-title-line grve-h4\" style=\"margin-bottom: 40px;\"><span>A vev\u0151 sikere \u00e1ll a k\u00f6z\u00e9ppontban<\/span><\/h4>[vc_column_text text_style=&#8221;leader-text&#8221;]<\/p>\n<p style=\"text-align: center;\">A lehet\u0151 legjobb csapat alapja a t\u00f6k\u00e9letesen egym\u00e1shoz kapcsol\u00f3d\u00f3 vezet\u0151s\u00e9g.<\/p>\n<p>[\/vc_column_text][\/vc_column][\/vc_row][vc_row section_type=&#8221;in-container&#8221; flex_height=&#8221;yes&#8221; middle_content=&#8221;yes&#8221;][vc_column width=&#8221;1\/2&#8243; css=&#8221;.vc_custom_1597991857421{padding-bottom: 5% !important;}&#8221;]<div class=\"grve-element grve-image grve-full-image grve-align-left\" style=\"margin-bottom: 25px;\"><img loading=\"lazy\" decoding=\"async\" width=\"1000\" height=\"800\" src=\"https:\/\/defko.eu\/wp-content\/uploads\/2020\/08\/Christoph-Niedrist.jpg\" class=\"attachment-full size-full\" alt=\"Christoph Niedrist\" srcset=\"https:\/\/defko.eu\/wp-content\/uploads\/2020\/08\/Christoph-Niedrist.jpg 1000w, https:\/\/defko.eu\/wp-content\/uploads\/2020\/08\/Christoph-Niedrist-300x240.jpg 300w, https:\/\/defko.eu\/wp-content\/uploads\/2020\/08\/Christoph-Niedrist-768x614.jpg 768w\" sizes=\"auto, (max-width: 1000px) 100vw, 1000px\" \/><\/div><h5 class=\"grve-element grve-align-center grve-title-line grve-h5\" style=\"\"><span>Christoph Niedrist<\/span><\/h5>[vc_column_text]<\/p>\n<p style=\"text-align: center;\">\u00dcGYVEZET\u0150<\/p>\n<p>[\/vc_column_text]<div class=\"grve-element grve-align-center\"><a class=\"grve-btn grve-btn-extrasmall grve-square grve-bg-primary-1\" href=\"mailto:info@defko.eu\" target=\"_self\" style=\"\"><span>E-mail<\/span><\/a><\/div>[\/vc_column][vc_column width=&#8221;1\/2&#8243; css=&#8221;.vc_custom_1597991898933{padding-bottom: 5% !important;}&#8221;]<div class=\"grve-element grve-image grve-full-image grve-align-left\" style=\"margin-bottom: 25px;\"><img loading=\"lazy\" decoding=\"async\" width=\"1000\" height=\"800\" src=\"https:\/\/defko.eu\/wp-content\/uploads\/2020\/08\/Monika-Csiszar.jpg\" class=\"attachment-full size-full\" alt=\"Monika Csiszar\" srcset=\"https:\/\/defko.eu\/wp-content\/uploads\/2020\/08\/Monika-Csiszar.jpg 1000w, https:\/\/defko.eu\/wp-content\/uploads\/2020\/08\/Monika-Csiszar-300x240.jpg 300w, https:\/\/defko.eu\/wp-content\/uploads\/2020\/08\/Monika-Csiszar-768x614.jpg 768w\" sizes=\"auto, (max-width: 1000px) 100vw, 1000px\" \/><\/div><h5 class=\"grve-element grve-align-center grve-title-line grve-h5\" style=\"\"><span>Csisz\u00e1r M\u00f3nika<\/span><\/h5>[vc_column_text]<\/p>\n<p style=\"text-align: center;\">MIN\u0150S\u00c9GBIZTOS\u00cdT\u00c1SI VEZET\u0150<\/p>\n<p>[\/vc_column_text]<div class=\"grve-element grve-align-center\"><a class=\"grve-btn grve-btn-extrasmall grve-square grve-bg-primary-1\" href=\"mailto:info@defko.eu\" target=\"_self\" style=\"\"><span>E-mail<\/span><\/a><\/div>[\/vc_column][\/vc_row][vc_row section_type=&#8221;in-container&#8221; flex_height=&#8221;yes&#8221; middle_content=&#8221;yes&#8221;][vc_column width=&#8221;1\/2&#8243; css=&#8221;.vc_custom_1597991919644{padding-bottom: 5% !important;}&#8221;]<div class=\"grve-element grve-image grve-full-image grve-align-left\" style=\"margin-bottom: 25px;\"><img loading=\"lazy\" decoding=\"async\" width=\"1000\" height=\"800\" src=\"https:\/\/defko.eu\/wp-content\/uploads\/2020\/08\/Anna-Beisteiner.jpg\" class=\"attachment-full size-full\" alt=\"Anna Beisteiner\" srcset=\"https:\/\/defko.eu\/wp-content\/uploads\/2020\/08\/Anna-Beisteiner.jpg 1000w, https:\/\/defko.eu\/wp-content\/uploads\/2020\/08\/Anna-Beisteiner-300x240.jpg 300w, https:\/\/defko.eu\/wp-content\/uploads\/2020\/08\/Anna-Beisteiner-768x614.jpg 768w\" sizes=\"auto, (max-width: 1000px) 100vw, 1000px\" \/><\/div><h5 class=\"grve-element grve-align-center grve-title-line grve-h5\" style=\"\"><span>Anna Beisteiner<\/span><\/h5>[vc_column_text]<\/p>\n<p style=\"text-align: center;\">BESZERZ\u00c9SI, CONTROLLING VEZET\u0150<\/p>\n<p>[\/vc_column_text]<div class=\"grve-element grve-align-center\"><a class=\"grve-btn grve-btn-extrasmall grve-square grve-bg-primary-1\" href=\"mailto:info@defko.eu\" target=\"_self\" style=\"\"><span>E-mail<\/span><\/a><\/div>[\/vc_column][vc_column width=&#8221;1\/2&#8243; css=&#8221;.vc_custom_1597991892743{padding-bottom: 5% !important;}&#8221;]<div class=\"grve-element grve-image grve-full-image grve-align-left\" style=\"margin-bottom: 25px;\"><img loading=\"lazy\" decoding=\"async\" width=\"1000\" height=\"800\" src=\"https:\/\/defko.eu\/wp-content\/uploads\/2020\/08\/Margit-Poelzelbauer.jpg\" class=\"attachment-full size-full\" alt=\"Margit P\u00f6lzelbauer\" srcset=\"https:\/\/defko.eu\/wp-content\/uploads\/2020\/08\/Margit-Poelzelbauer.jpg 1000w, https:\/\/defko.eu\/wp-content\/uploads\/2020\/08\/Margit-Poelzelbauer-300x240.jpg 300w, https:\/\/defko.eu\/wp-content\/uploads\/2020\/08\/Margit-Poelzelbauer-768x614.jpg 768w\" sizes=\"auto, (max-width: 1000px) 100vw, 1000px\" \/><\/div><h5 class=\"grve-element grve-align-center grve-title-line grve-h5\" style=\"\"><span>Margit P\u00f6lzelbauer<\/span><\/h5>[vc_column_text]<\/p>\n<p style=\"text-align: center;\">\u00c9RT\u00c9KES\u00cdT\u00c9SI, TERMEL\u00c9STERVEZ\u00c9SI VEZET\u0150<\/p>\n<p>[\/vc_column_text]<div class=\"grve-element grve-align-center\"><a class=\"grve-btn grve-btn-extrasmall grve-square grve-bg-primary-1\" href=\"mailto:info@defko.eu\" target=\"_self\" style=\"\"><span>E-mail<\/span><\/a><\/div>[\/vc_column][\/vc_row]<\/p>\n<\/div>","protected":false},"excerpt":{"rendered":"<p>[vc_row padding_top=&#8221;5%&#8221; padding_bottom=&#8221;7%&#8221;][vc_column css=&#8221;.vc_custom_1596544717442{padding-right: 20% !important;padding-left: 20% !important;}&#8221;][vc_column_text text_style=&#8221;leader-text&#8221;] A lehet\u0151 legjobb csapat alapja a t\u00f6k\u00e9letesen egym\u00e1shoz kapcsol\u00f3d\u00f3 vezet\u0151s\u00e9g. [\/vc_column_text][\/vc_column][\/vc_row][vc_row section_type=&#8221;in-container&#8221; flex_height=&#8221;yes&#8221; middle_content=&#8221;yes&#8221;][vc_column width=&#8221;1\/2&#8243; css=&#8221;.vc_custom_1597991857421{padding-bottom: 5% !important;}&#8221;][vc_column_text] \u00dcGYVEZET\u0150 [\/vc_column_text][\/vc_column][vc_column width=&#8221;1\/2&#8243; css=&#8221;.vc_custom_1597991898933{padding-bottom: 5% !important;}&#8221;][vc_column_text] MIN\u0150S\u00c9GBIZTOS\u00cdT\u00c1SI VEZET\u0150 [\/vc_column_text][\/vc_column][\/vc_row][vc_row section_type=&#8221;in-container&#8221; flex_height=&#8221;yes&#8221; middle_content=&#8221;yes&#8221;][vc_column width=&#8221;1\/2&#8243; css=&#8221;.vc_custom_1597991919644{padding-bottom: 5% !important;}&#8221;][vc_column_text] BESZERZ\u00c9SI, CONTROLLING VEZET\u0150 [\/vc_column_text][\/vc_column][vc_column width=&#8221;1\/2&#8243; css=&#8221;.vc_custom_1597991892743{padding-bottom: 5% !important;}&#8221;][vc_column_text] \u00c9RT\u00c9KES\u00cdT\u00c9SI, TERMEL\u00c9STERVEZ\u00c9SI VEZET\u0150 [\/vc_column_text][\/vc_column][\/vc_row]<\/p>\n","protected":false},"author":2,"featured_media":0,"parent":7001,"menu_order":0,"comment_status":"closed","ping_status":"closed","template":"","meta":{"footnotes":""},"class_list":["post-7036","page","type-page","status-publish","hentry"],"yoast_head":"<!-- This site is optimized with the Yoast SEO plugin v27.3 - https:\/\/yoast.com\/product\/yoast-seo-wordpress\/ -->\n<title>\u00c1ll\u00e1spiac - Az \u00d6n j\u00f6v\u0151je a defko<\/title>\n<meta name=\"description\" content=\"Fedezze fel karrierlehet\u0151s\u00e9geit a defko-n\u00e1l. Ismerje meg az aktu\u00e1lis \u00e1ll\u00e1saj\u00e1nlatokat \u00e9s v\u00e1ljon csapatunk tagj\u00e1v\u00e1.\" \/>\n<meta name=\"robots\" content=\"index, follow, max-snippet:-1, max-image-preview:large, max-video-preview:-1\" \/>\n<link rel=\"canonical\" href=\"https:\/\/defko.eu\/hu\/adatvedelmi-nyilatkozat\/segitsegevel-munkaeropiac\/\" \/>\n<meta property=\"og:locale\" content=\"hu_HU\" \/>\n<meta property=\"og:type\" content=\"article\" \/>\n<meta property=\"og:title\" content=\"\u00c1ll\u00e1spiac - Az \u00d6n j\u00f6v\u0151je a defko\" \/>\n<meta property=\"og:description\" content=\"Fedezze fel karrierlehet\u0151s\u00e9geit a defko-n\u00e1l. Ismerje meg az aktu\u00e1lis \u00e1ll\u00e1saj\u00e1nlatokat \u00e9s v\u00e1ljon csapatunk tagj\u00e1v\u00e1.\" \/>\n<meta property=\"og:url\" content=\"https:\/\/defko.eu\/hu\/adatvedelmi-nyilatkozat\/segitsegevel-munkaeropiac\/\" \/>\n<meta property=\"og:site_name\" content=\"defko\" \/>\n<meta property=\"article:modified_time\" content=\"2024-03-06T08:58:37+00:00\" \/>\n<meta property=\"og:image\" content=\"https:\/\/defko.eu\/wp-content\/uploads\/2023\/11\/defko-card-logo.png\" \/>\n\t<meta property=\"og:image:width\" content=\"220\" \/>\n\t<meta property=\"og:image:height\" content=\"220\" \/>\n\t<meta property=\"og:image:type\" content=\"image\/png\" \/>\n<script type=\"application\/ld+json\" class=\"yoast-schema-graph\">{\"@context\":\"https:\\\/\\\/schema.org\",\"@graph\":[{\"@type\":\"WebPage\",\"@id\":\"https:\\\/\\\/defko.eu\\\/hu\\\/adatvedelmi-nyilatkozat\\\/segitsegevel-munkaeropiac\\\/\",\"url\":\"https:\\\/\\\/defko.eu\\\/hu\\\/adatvedelmi-nyilatkozat\\\/segitsegevel-munkaeropiac\\\/\",\"name\":\"\u00c1ll\u00e1spiac - Az \u00d6n j\u00f6v\u0151je a defko\",\"isPartOf\":{\"@id\":\"https:\\\/\\\/defko.eu\\\/hu\\\/#website\"},\"datePublished\":\"2021-03-26T11:14:55+00:00\",\"dateModified\":\"2024-03-06T08:58:37+00:00\",\"description\":\"Fedezze fel karrierlehet\u0151s\u00e9geit a defko-n\u00e1l. Ismerje meg az aktu\u00e1lis \u00e1ll\u00e1saj\u00e1nlatokat \u00e9s v\u00e1ljon csapatunk tagj\u00e1v\u00e1.\",\"breadcrumb\":{\"@id\":\"https:\\\/\\\/defko.eu\\\/hu\\\/adatvedelmi-nyilatkozat\\\/segitsegevel-munkaeropiac\\\/#breadcrumb\"},\"inLanguage\":\"hu\",\"potentialAction\":[{\"@type\":\"ReadAction\",\"target\":[\"https:\\\/\\\/defko.eu\\\/hu\\\/adatvedelmi-nyilatkozat\\\/segitsegevel-munkaeropiac\\\/\"]}]},{\"@type\":\"BreadcrumbList\",\"@id\":\"https:\\\/\\\/defko.eu\\\/hu\\\/adatvedelmi-nyilatkozat\\\/segitsegevel-munkaeropiac\\\/#breadcrumb\",\"itemListElement\":[{\"@type\":\"ListItem\",\"position\":1,\"name\":\"Startseite\",\"item\":\"https:\\\/\\\/defko.eu\\\/hu\\\/\"},{\"@type\":\"ListItem\",\"position\":2,\"name\":\"C\u00e9g\u00fcnkr\u0151l\",\"item\":\"https:\\\/\\\/defko.eu\\\/hu\\\/adatvedelmi-nyilatkozat\\\/\"},{\"@type\":\"ListItem\",\"position\":3,\"name\":\"Vezet\u0151s\u00e9g\"}]},{\"@type\":\"WebSite\",\"@id\":\"https:\\\/\\\/defko.eu\\\/hu\\\/#website\",\"url\":\"https:\\\/\\\/defko.eu\\\/hu\\\/\",\"name\":\"defko\",\"description\":\"Superior Sinter Solutions\",\"publisher\":{\"@id\":\"https:\\\/\\\/defko.eu\\\/hu\\\/#organization\"},\"potentialAction\":[{\"@type\":\"SearchAction\",\"target\":{\"@type\":\"EntryPoint\",\"urlTemplate\":\"https:\\\/\\\/defko.eu\\\/hu\\\/?s={search_term_string}\"},\"query-input\":{\"@type\":\"PropertyValueSpecification\",\"valueRequired\":true,\"valueName\":\"search_term_string\"}}],\"inLanguage\":\"hu\"},{\"@type\":\"Organization\",\"@id\":\"https:\\\/\\\/defko.eu\\\/hu\\\/#organization\",\"name\":\"Defko\",\"url\":\"https:\\\/\\\/defko.eu\\\/hu\\\/\",\"logo\":{\"@type\":\"ImageObject\",\"inLanguage\":\"hu\",\"@id\":\"https:\\\/\\\/defko.eu\\\/hu\\\/#\\\/schema\\\/logo\\\/image\\\/\",\"url\":\"https:\\\/\\\/defko.eu\\\/wp-content\\\/uploads\\\/2023\\\/11\\\/defko-card-logo.png\",\"contentUrl\":\"https:\\\/\\\/defko.eu\\\/wp-content\\\/uploads\\\/2023\\\/11\\\/defko-card-logo.png\",\"width\":220,\"height\":220,\"caption\":\"Defko\"},\"image\":{\"@id\":\"https:\\\/\\\/defko.eu\\\/hu\\\/#\\\/schema\\\/logo\\\/image\\\/\"}}]}<\/script>\n<!-- \/ Yoast SEO plugin. -->","yoast_head_json":{"title":"\u00c1ll\u00e1spiac - Az \u00d6n j\u00f6v\u0151je a defko","description":"Fedezze fel karrierlehet\u0151s\u00e9geit a defko-n\u00e1l. Ismerje meg az aktu\u00e1lis \u00e1ll\u00e1saj\u00e1nlatokat \u00e9s v\u00e1ljon csapatunk tagj\u00e1v\u00e1.","robots":{"index":"index","follow":"follow","max-snippet":"max-snippet:-1","max-image-preview":"max-image-preview:large","max-video-preview":"max-video-preview:-1"},"canonical":"https:\/\/defko.eu\/hu\/adatvedelmi-nyilatkozat\/segitsegevel-munkaeropiac\/","og_locale":"hu_HU","og_type":"article","og_title":"\u00c1ll\u00e1spiac - Az \u00d6n j\u00f6v\u0151je a defko","og_description":"Fedezze fel karrierlehet\u0151s\u00e9geit a defko-n\u00e1l. Ismerje meg az aktu\u00e1lis \u00e1ll\u00e1saj\u00e1nlatokat \u00e9s v\u00e1ljon csapatunk tagj\u00e1v\u00e1.","og_url":"https:\/\/defko.eu\/hu\/adatvedelmi-nyilatkozat\/segitsegevel-munkaeropiac\/","og_site_name":"defko","article_modified_time":"2024-03-06T08:58:37+00:00","og_image":[{"width":220,"height":220,"url":"https:\/\/defko.eu\/wp-content\/uploads\/2023\/11\/defko-card-logo.png","type":"image\/png"}],"schema":{"@context":"https:\/\/schema.org","@graph":[{"@type":"WebPage","@id":"https:\/\/defko.eu\/hu\/adatvedelmi-nyilatkozat\/segitsegevel-munkaeropiac\/","url":"https:\/\/defko.eu\/hu\/adatvedelmi-nyilatkozat\/segitsegevel-munkaeropiac\/","name":"\u00c1ll\u00e1spiac - Az \u00d6n j\u00f6v\u0151je a defko","isPartOf":{"@id":"https:\/\/defko.eu\/hu\/#website"},"datePublished":"2021-03-26T11:14:55+00:00","dateModified":"2024-03-06T08:58:37+00:00","description":"Fedezze fel karrierlehet\u0151s\u00e9geit a defko-n\u00e1l. Ismerje meg az aktu\u00e1lis \u00e1ll\u00e1saj\u00e1nlatokat \u00e9s v\u00e1ljon csapatunk tagj\u00e1v\u00e1.","breadcrumb":{"@id":"https:\/\/defko.eu\/hu\/adatvedelmi-nyilatkozat\/segitsegevel-munkaeropiac\/#breadcrumb"},"inLanguage":"hu","potentialAction":[{"@type":"ReadAction","target":["https:\/\/defko.eu\/hu\/adatvedelmi-nyilatkozat\/segitsegevel-munkaeropiac\/"]}]},{"@type":"BreadcrumbList","@id":"https:\/\/defko.eu\/hu\/adatvedelmi-nyilatkozat\/segitsegevel-munkaeropiac\/#breadcrumb","itemListElement":[{"@type":"ListItem","position":1,"name":"Startseite","item":"https:\/\/defko.eu\/hu\/"},{"@type":"ListItem","position":2,"name":"C\u00e9g\u00fcnkr\u0151l","item":"https:\/\/defko.eu\/hu\/adatvedelmi-nyilatkozat\/"},{"@type":"ListItem","position":3,"name":"Vezet\u0151s\u00e9g"}]},{"@type":"WebSite","@id":"https:\/\/defko.eu\/hu\/#website","url":"https:\/\/defko.eu\/hu\/","name":"defko","description":"Superior Sinter Solutions","publisher":{"@id":"https:\/\/defko.eu\/hu\/#organization"},"potentialAction":[{"@type":"SearchAction","target":{"@type":"EntryPoint","urlTemplate":"https:\/\/defko.eu\/hu\/?s={search_term_string}"},"query-input":{"@type":"PropertyValueSpecification","valueRequired":true,"valueName":"search_term_string"}}],"inLanguage":"hu"},{"@type":"Organization","@id":"https:\/\/defko.eu\/hu\/#organization","name":"Defko","url":"https:\/\/defko.eu\/hu\/","logo":{"@type":"ImageObject","inLanguage":"hu","@id":"https:\/\/defko.eu\/hu\/#\/schema\/logo\/image\/","url":"https:\/\/defko.eu\/wp-content\/uploads\/2023\/11\/defko-card-logo.png","contentUrl":"https:\/\/defko.eu\/wp-content\/uploads\/2023\/11\/defko-card-logo.png","width":220,"height":220,"caption":"Defko"},"image":{"@id":"https:\/\/defko.eu\/hu\/#\/schema\/logo\/image\/"}}]}},"_links":{"self":[{"href":"https:\/\/defko.eu\/hu\/wp-json\/wp\/v2\/pages\/7036","targetHints":{"allow":["GET"]}}],"collection":[{"href":"https:\/\/defko.eu\/hu\/wp-json\/wp\/v2\/pages"}],"about":[{"href":"https:\/\/defko.eu\/hu\/wp-json\/wp\/v2\/types\/page"}],"author":[{"embeddable":true,"href":"https:\/\/defko.eu\/hu\/wp-json\/wp\/v2\/users\/2"}],"replies":[{"embeddable":true,"href":"https:\/\/defko.eu\/hu\/wp-json\/wp\/v2\/comments?post=7036"}],"version-history":[{"count":4,"href":"https:\/\/defko.eu\/hu\/wp-json\/wp\/v2\/pages\/7036\/revisions"}],"predecessor-version":[{"id":7090,"href":"https:\/\/defko.eu\/hu\/wp-json\/wp\/v2\/pages\/7036\/revisions\/7090"}],"up":[{"embeddable":true,"href":"https:\/\/defko.eu\/hu\/wp-json\/wp\/v2\/pages\/7001"}],"wp:attachment":[{"href":"https:\/\/defko.eu\/hu\/wp-json\/wp\/v2\/media?parent=7036"}],"curies":[{"name":"wp","href":"https:\/\/api.w.org\/{rel}","templated":true}]}}