{"id":7026,"date":"2021-03-26T12:11:23","date_gmt":"2021-03-26T11:11:23","guid":{"rendered":"https:\/\/defko.eu\/?page_id=7026"},"modified":"2024-03-06T09:57:48","modified_gmt":"2024-03-06T08:57:48","slug":"kapcsolatfelvetel","status":"publish","type":"page","link":"https:\/\/defko.eu\/hu\/adatvedelmi-nyilatkozat\/kapcsolatfelvetel\/","title":{"rendered":"Vez\u00e9relv\u00fcnk"},"content":{"rendered":"<div class=\"wpb-content-wrapper\"><p>[vc_row padding_top=&#8221;5%&#8221; padding_bottom=&#8221;7%&#8221;][vc_column]<h4 class=\"grve-element grve-align-center grve-title-line grve-h4\" style=\"margin-bottom: 40px;\"><span>Mi\u00e9rt vagyunk t\u00f6bbek, mint ``csup\u00e1n`` a szinterelt term\u00e9keink?<\/span><\/h4>[vc_column_text text_style=&#8221;leader-text&#8221;]<\/p>\n<p style=\"text-align: center;\">Lelkesed\u00e9ssel, szenved\u00e9llyel rendelkez\u00fcnk, \u00e9s ambici\u00f3zusak vagyunk. Amikor egy term\u00e9ket kifejleszt\u00fcnk \u00e9s legy\u00e1rtunk, ehhez m\u00e9g hozz\u00e1tesz\u00fcnk egy extra adag szem\u00e9lyes er\u0151fesz\u00edt\u00e9st is.<br \/>\n\u00daj utak kipr\u00f3b\u00e1l\u00e1sa, az \u00faj utakra l\u00e9p\u00e9s sz\u00e1munkra term\u00e9szetes. Csak \u00edgy tudjuk mesters\u00e9g\u00fcnket dinamikusan a j\u00f6v\u0151 fel\u00e9 terelni. \u00c9s szeretj\u00fck a pontoss\u00e1got, eg\u00e9szen a legkisebb mikrom\u00e9terig. Ak\u00e1r az alkatr\u00e9szeink gy\u00e1rt\u00e1sa sor\u00e1n, ak\u00e1r a vev\u0151ink r\u00e9sz\u00e9re v\u00e9gzett k\u00f6lts\u00e9goptimaliz\u00e1l\u00e1s ter\u00e9n.<\/p>\n<p>[\/vc_column_text][\/vc_column][\/vc_row][vc_row margin_bottom=&#8221;5%&#8221;][vc_column]<h4 class=\"grve-element grve-align-center grve-title-no-line grve-h4\" style=\"margin-bottom: 2%;\"><span>\u00cdgy \u00e1llt \u00f6ssze a vez\u00e9relv\u00fcnk:<\/span><\/h4>[\/vc_column][\/vc_row][vc_row margin_bottom=&#8221;5%&#8221;][vc_column width=&#8221;1\/4&#8243; mobile_width=&#8221;hide&#8221;][\/vc_column][vc_column width=&#8221;1\/2&#8243;]<div class=\"grve-element grve-image grve-align-center\" style=\"\"><a class=\"grve-image-popup\" href=\"https:\/\/defko.eu\/wp-content\/uploads\/2021\/04\/defko-Leitbild1-HU.jpg\"><img loading=\"lazy\" decoding=\"async\" width=\"1024\" height=\"484\" src=\"https:\/\/defko.eu\/wp-content\/uploads\/2021\/04\/defko-Leitbild1-HU-1024x484.jpg\" class=\"attachment-large size-large\" alt=\"Vez\u00e9relv\u00fcnk\" srcset=\"https:\/\/defko.eu\/wp-content\/uploads\/2021\/04\/defko-Leitbild1-HU-1024x484.jpg 1024w, https:\/\/defko.eu\/wp-content\/uploads\/2021\/04\/defko-Leitbild1-HU-300x142.jpg 300w, https:\/\/defko.eu\/wp-content\/uploads\/2021\/04\/defko-Leitbild1-HU-768x363.jpg 768w, https:\/\/defko.eu\/wp-content\/uploads\/2021\/04\/defko-Leitbild1-HU.jpg 1488w\" sizes=\"auto, (max-width: 1024px) 100vw, 1024px\" \/><\/a><\/div>[\/vc_column][vc_column width=&#8221;1\/4&#8243; mobile_width=&#8221;hide&#8221;][\/vc_column][\/vc_row]<\/p>\n<\/div>","protected":false},"excerpt":{"rendered":"<p>[vc_row padding_top=&#8221;5%&#8221; padding_bottom=&#8221;7%&#8221;][vc_column][vc_column_text text_style=&#8221;leader-text&#8221;] Lelkesed\u00e9ssel, szenved\u00e9llyel rendelkez\u00fcnk, \u00e9s ambici\u00f3zusak vagyunk. Amikor egy term\u00e9ket kifejleszt\u00fcnk \u00e9s legy\u00e1rtunk, ehhez m\u00e9g hozz\u00e1tesz\u00fcnk egy extra adag szem\u00e9lyes er\u0151fesz\u00edt\u00e9st is. \u00daj utak kipr\u00f3b\u00e1l\u00e1sa, az \u00faj utakra l\u00e9p\u00e9s sz\u00e1munkra term\u00e9szetes. Csak \u00edgy tudjuk mesters\u00e9g\u00fcnket dinamikusan a j\u00f6v\u0151 fel\u00e9 terelni. \u00c9s szeretj\u00fck a pontoss\u00e1got, eg\u00e9szen a legkisebb mikrom\u00e9terig. Ak\u00e1r az alkatr\u00e9szeink gy\u00e1rt\u00e1sa [&hellip;]<\/p>\n","protected":false},"author":2,"featured_media":0,"parent":7001,"menu_order":0,"comment_status":"closed","ping_status":"closed","template":"","meta":{"footnotes":""},"class_list":["post-7026","page","type-page","status-publish","hentry"],"yoast_head":"<!-- This site is optimized with the Yoast SEO plugin v27.3 - https:\/\/yoast.com\/product\/yoast-seo-wordpress\/ -->\n<title>Kapcsolat defko<\/title>\n<meta name=\"description\" content=\"L\u00e9pjen kapcsolatba a defko-val, b\u00e1rmely k\u00e9rd\u00e9s \u00e9s ig\u00e9ny eset\u00e9n! Keresse el\u00e9rhet\u0151s\u00e9geinket \u00e9s besz\u00e9ljen szak\u00e9rt\u0151inkkel!\" \/>\n<meta name=\"robots\" content=\"index, follow, max-snippet:-1, max-image-preview:large, max-video-preview:-1\" \/>\n<link rel=\"canonical\" href=\"https:\/\/defko.eu\/hu\/adatvedelmi-nyilatkozat\/kapcsolatfelvetel\/\" \/>\n<meta property=\"og:locale\" content=\"hu_HU\" \/>\n<meta property=\"og:type\" content=\"article\" \/>\n<meta property=\"og:title\" content=\"Kapcsolat defko\" \/>\n<meta property=\"og:description\" content=\"L\u00e9pjen kapcsolatba a defko-val, b\u00e1rmely k\u00e9rd\u00e9s \u00e9s ig\u00e9ny eset\u00e9n! Keresse el\u00e9rhet\u0151s\u00e9geinket \u00e9s besz\u00e9ljen szak\u00e9rt\u0151inkkel!\" \/>\n<meta property=\"og:url\" content=\"https:\/\/defko.eu\/hu\/adatvedelmi-nyilatkozat\/kapcsolatfelvetel\/\" \/>\n<meta property=\"og:site_name\" content=\"defko\" \/>\n<meta property=\"article:modified_time\" content=\"2024-03-06T08:57:48+00:00\" \/>\n<meta property=\"og:image\" content=\"https:\/\/defko.eu\/wp-content\/uploads\/2023\/11\/defko-card-logo.png\" \/>\n\t<meta property=\"og:image:width\" content=\"220\" \/>\n\t<meta property=\"og:image:height\" content=\"220\" \/>\n\t<meta property=\"og:image:type\" content=\"image\/png\" \/>\n<script type=\"application\/ld+json\" class=\"yoast-schema-graph\">{\"@context\":\"https:\\\/\\\/schema.org\",\"@graph\":[{\"@type\":\"WebPage\",\"@id\":\"https:\\\/\\\/defko.eu\\\/hu\\\/adatvedelmi-nyilatkozat\\\/kapcsolatfelvetel\\\/\",\"url\":\"https:\\\/\\\/defko.eu\\\/hu\\\/adatvedelmi-nyilatkozat\\\/kapcsolatfelvetel\\\/\",\"name\":\"Kapcsolat defko\",\"isPartOf\":{\"@id\":\"https:\\\/\\\/defko.eu\\\/hu\\\/#website\"},\"datePublished\":\"2021-03-26T11:11:23+00:00\",\"dateModified\":\"2024-03-06T08:57:48+00:00\",\"description\":\"L\u00e9pjen kapcsolatba a defko-val, b\u00e1rmely k\u00e9rd\u00e9s \u00e9s ig\u00e9ny eset\u00e9n! Keresse el\u00e9rhet\u0151s\u00e9geinket \u00e9s besz\u00e9ljen szak\u00e9rt\u0151inkkel!\",\"breadcrumb\":{\"@id\":\"https:\\\/\\\/defko.eu\\\/hu\\\/adatvedelmi-nyilatkozat\\\/kapcsolatfelvetel\\\/#breadcrumb\"},\"inLanguage\":\"hu\",\"potentialAction\":[{\"@type\":\"ReadAction\",\"target\":[\"https:\\\/\\\/defko.eu\\\/hu\\\/adatvedelmi-nyilatkozat\\\/kapcsolatfelvetel\\\/\"]}]},{\"@type\":\"BreadcrumbList\",\"@id\":\"https:\\\/\\\/defko.eu\\\/hu\\\/adatvedelmi-nyilatkozat\\\/kapcsolatfelvetel\\\/#breadcrumb\",\"itemListElement\":[{\"@type\":\"ListItem\",\"position\":1,\"name\":\"Startseite\",\"item\":\"https:\\\/\\\/defko.eu\\\/hu\\\/\"},{\"@type\":\"ListItem\",\"position\":2,\"name\":\"C\u00e9g\u00fcnkr\u0151l\",\"item\":\"https:\\\/\\\/defko.eu\\\/hu\\\/adatvedelmi-nyilatkozat\\\/\"},{\"@type\":\"ListItem\",\"position\":3,\"name\":\"Vez\u00e9relv\u00fcnk\"}]},{\"@type\":\"WebSite\",\"@id\":\"https:\\\/\\\/defko.eu\\\/hu\\\/#website\",\"url\":\"https:\\\/\\\/defko.eu\\\/hu\\\/\",\"name\":\"defko\",\"description\":\"Superior Sinter Solutions\",\"publisher\":{\"@id\":\"https:\\\/\\\/defko.eu\\\/hu\\\/#organization\"},\"potentialAction\":[{\"@type\":\"SearchAction\",\"target\":{\"@type\":\"EntryPoint\",\"urlTemplate\":\"https:\\\/\\\/defko.eu\\\/hu\\\/?s={search_term_string}\"},\"query-input\":{\"@type\":\"PropertyValueSpecification\",\"valueRequired\":true,\"valueName\":\"search_term_string\"}}],\"inLanguage\":\"hu\"},{\"@type\":\"Organization\",\"@id\":\"https:\\\/\\\/defko.eu\\\/hu\\\/#organization\",\"name\":\"Defko\",\"url\":\"https:\\\/\\\/defko.eu\\\/hu\\\/\",\"logo\":{\"@type\":\"ImageObject\",\"inLanguage\":\"hu\",\"@id\":\"https:\\\/\\\/defko.eu\\\/hu\\\/#\\\/schema\\\/logo\\\/image\\\/\",\"url\":\"https:\\\/\\\/defko.eu\\\/wp-content\\\/uploads\\\/2023\\\/11\\\/defko-card-logo.png\",\"contentUrl\":\"https:\\\/\\\/defko.eu\\\/wp-content\\\/uploads\\\/2023\\\/11\\\/defko-card-logo.png\",\"width\":220,\"height\":220,\"caption\":\"Defko\"},\"image\":{\"@id\":\"https:\\\/\\\/defko.eu\\\/hu\\\/#\\\/schema\\\/logo\\\/image\\\/\"}}]}<\/script>\n<!-- \/ Yoast SEO plugin. -->","yoast_head_json":{"title":"Kapcsolat defko","description":"L\u00e9pjen kapcsolatba a defko-val, b\u00e1rmely k\u00e9rd\u00e9s \u00e9s ig\u00e9ny eset\u00e9n! Keresse el\u00e9rhet\u0151s\u00e9geinket \u00e9s besz\u00e9ljen szak\u00e9rt\u0151inkkel!","robots":{"index":"index","follow":"follow","max-snippet":"max-snippet:-1","max-image-preview":"max-image-preview:large","max-video-preview":"max-video-preview:-1"},"canonical":"https:\/\/defko.eu\/hu\/adatvedelmi-nyilatkozat\/kapcsolatfelvetel\/","og_locale":"hu_HU","og_type":"article","og_title":"Kapcsolat defko","og_description":"L\u00e9pjen kapcsolatba a defko-val, b\u00e1rmely k\u00e9rd\u00e9s \u00e9s ig\u00e9ny eset\u00e9n! Keresse el\u00e9rhet\u0151s\u00e9geinket \u00e9s besz\u00e9ljen szak\u00e9rt\u0151inkkel!","og_url":"https:\/\/defko.eu\/hu\/adatvedelmi-nyilatkozat\/kapcsolatfelvetel\/","og_site_name":"defko","article_modified_time":"2024-03-06T08:57:48+00:00","og_image":[{"width":220,"height":220,"url":"https:\/\/defko.eu\/wp-content\/uploads\/2023\/11\/defko-card-logo.png","type":"image\/png"}],"schema":{"@context":"https:\/\/schema.org","@graph":[{"@type":"WebPage","@id":"https:\/\/defko.eu\/hu\/adatvedelmi-nyilatkozat\/kapcsolatfelvetel\/","url":"https:\/\/defko.eu\/hu\/adatvedelmi-nyilatkozat\/kapcsolatfelvetel\/","name":"Kapcsolat defko","isPartOf":{"@id":"https:\/\/defko.eu\/hu\/#website"},"datePublished":"2021-03-26T11:11:23+00:00","dateModified":"2024-03-06T08:57:48+00:00","description":"L\u00e9pjen kapcsolatba a defko-val, b\u00e1rmely k\u00e9rd\u00e9s \u00e9s ig\u00e9ny eset\u00e9n! Keresse el\u00e9rhet\u0151s\u00e9geinket \u00e9s besz\u00e9ljen szak\u00e9rt\u0151inkkel!","breadcrumb":{"@id":"https:\/\/defko.eu\/hu\/adatvedelmi-nyilatkozat\/kapcsolatfelvetel\/#breadcrumb"},"inLanguage":"hu","potentialAction":[{"@type":"ReadAction","target":["https:\/\/defko.eu\/hu\/adatvedelmi-nyilatkozat\/kapcsolatfelvetel\/"]}]},{"@type":"BreadcrumbList","@id":"https:\/\/defko.eu\/hu\/adatvedelmi-nyilatkozat\/kapcsolatfelvetel\/#breadcrumb","itemListElement":[{"@type":"ListItem","position":1,"name":"Startseite","item":"https:\/\/defko.eu\/hu\/"},{"@type":"ListItem","position":2,"name":"C\u00e9g\u00fcnkr\u0151l","item":"https:\/\/defko.eu\/hu\/adatvedelmi-nyilatkozat\/"},{"@type":"ListItem","position":3,"name":"Vez\u00e9relv\u00fcnk"}]},{"@type":"WebSite","@id":"https:\/\/defko.eu\/hu\/#website","url":"https:\/\/defko.eu\/hu\/","name":"defko","description":"Superior Sinter Solutions","publisher":{"@id":"https:\/\/defko.eu\/hu\/#organization"},"potentialAction":[{"@type":"SearchAction","target":{"@type":"EntryPoint","urlTemplate":"https:\/\/defko.eu\/hu\/?s={search_term_string}"},"query-input":{"@type":"PropertyValueSpecification","valueRequired":true,"valueName":"search_term_string"}}],"inLanguage":"hu"},{"@type":"Organization","@id":"https:\/\/defko.eu\/hu\/#organization","name":"Defko","url":"https:\/\/defko.eu\/hu\/","logo":{"@type":"ImageObject","inLanguage":"hu","@id":"https:\/\/defko.eu\/hu\/#\/schema\/logo\/image\/","url":"https:\/\/defko.eu\/wp-content\/uploads\/2023\/11\/defko-card-logo.png","contentUrl":"https:\/\/defko.eu\/wp-content\/uploads\/2023\/11\/defko-card-logo.png","width":220,"height":220,"caption":"Defko"},"image":{"@id":"https:\/\/defko.eu\/hu\/#\/schema\/logo\/image\/"}}]}},"_links":{"self":[{"href":"https:\/\/defko.eu\/hu\/wp-json\/wp\/v2\/pages\/7026","targetHints":{"allow":["GET"]}}],"collection":[{"href":"https:\/\/defko.eu\/hu\/wp-json\/wp\/v2\/pages"}],"about":[{"href":"https:\/\/defko.eu\/hu\/wp-json\/wp\/v2\/types\/page"}],"author":[{"embeddable":true,"href":"https:\/\/defko.eu\/hu\/wp-json\/wp\/v2\/users\/2"}],"replies":[{"embeddable":true,"href":"https:\/\/defko.eu\/hu\/wp-json\/wp\/v2\/comments?post=7026"}],"version-history":[{"count":6,"href":"https:\/\/defko.eu\/hu\/wp-json\/wp\/v2\/pages\/7026\/revisions"}],"predecessor-version":[{"id":7095,"href":"https:\/\/defko.eu\/hu\/wp-json\/wp\/v2\/pages\/7026\/revisions\/7095"}],"up":[{"embeddable":true,"href":"https:\/\/defko.eu\/hu\/wp-json\/wp\/v2\/pages\/7001"}],"wp:attachment":[{"href":"https:\/\/defko.eu\/hu\/wp-json\/wp\/v2\/media?parent=7026"}],"curies":[{"name":"wp","href":"https:\/\/api.w.org\/{rel}","templated":true}]}}