{"id":7022,"date":"2021-03-26T12:05:57","date_gmt":"2021-03-26T11:05:57","guid":{"rendered":"https:\/\/defko.eu\/?page_id=7022"},"modified":"2024-03-06T09:55:52","modified_gmt":"2024-03-06T08:55:52","slug":"faqs","status":"publish","type":"page","link":"https:\/\/defko.eu\/hu\/adatvedelmi-nyilatkozat\/faqs\/","title":{"rendered":"C\u00e9gt\u00f6rt\u00e9net"},"content":{"rendered":"<div class=\"wpb-content-wrapper\"><p>[vc_row padding_top=&#8221;5%&#8221; margin_bottom=&#8221;7%&#8221;][vc_column]<h4 class=\"grve-element grve-align-center grve-title-line grve-h4\" style=\"margin-bottom: 40px;\"><span>Probl\u00e9mamegold\u00e1sok, innov\u00e1ci\u00f3k &amp; prec\u00edzi\u00f3s munka h\u00e1rom gener\u00e1ci\u00f3n \u00e1t<\/span><\/h4>[vc_column_text text_style=&#8221;leader-text&#8221;]<\/p>\n<p style=\"text-align: center;\">&#8222;Nincs lehetetlen, csak tehetetlen&#8221; &#8211;<br \/>\nez a n\u00e9gy sz\u00f3 a Defko-g\u00e9pezet motorja.<\/p>\n<p>[\/vc_column_text][\/vc_column][\/vc_row][vc_row padding_bottom=&#8221;3%&#8221;][vc_column width=&#8221;1\/2&#8243;]<div class=\"grve-element grve-image grve-align-center\" style=\"\"><img loading=\"lazy\" decoding=\"async\" width=\"1062\" height=\"1015\" src=\"https:\/\/defko.eu\/wp-content\/uploads\/2020\/08\/defko-geschichte.jpg\" class=\"attachment-full size-full\" alt=\"\" srcset=\"https:\/\/defko.eu\/wp-content\/uploads\/2020\/08\/defko-geschichte.jpg 1062w, https:\/\/defko.eu\/wp-content\/uploads\/2020\/08\/defko-geschichte-300x287.jpg 300w, https:\/\/defko.eu\/wp-content\/uploads\/2020\/08\/defko-geschichte-1024x979.jpg 1024w, https:\/\/defko.eu\/wp-content\/uploads\/2020\/08\/defko-geschichte-768x734.jpg 768w\" sizes=\"auto, (max-width: 1062px) 100vw, 1062px\" \/><\/div>[\/vc_column][vc_column width=&#8221;1\/2&#8243;]<h5 class=\"grve-element grve-align-left grve-title-no-line grve-h5\" style=\"\"><span>Ami a Defko-t egyediv\u00e9 teszi, az a t\u00f6rt\u00e9nete<\/span><\/h5>[vc_column_text]H\u00e1romgener\u00e1ci\u00f3nyi csal\u00e1di v\u00e1llalkoz\u00e1st k\u00f6vet\u0151en az alap\u00edt\u00f3 Fiel csal\u00e1d az ncc Beteiligungsgesellschaft kez\u00e9be helyezte a know-how-t \u00e9s a csapatot. A v\u00e1llalat k\u00e9t sikerfejezet\u00e9t Christoph Niedrist kapcsolta \u00f6ssze z\u00f6kken\u0151mentesen, aki az alap\u00edt\u00f3 csal\u00e1d tagjak\u00e9nt az \u00faj tulajdonosi k\u00f6r mellett tov\u00e1bbra is a t\u00e1rsas\u00e1g \u00fcgyvezet\u0151jek\u00e9nt tev\u00e9kenykedik.[\/vc_column_text][vc_accordion toggle=&#8221;yes&#8221; initial_state=&#8221;none&#8221;][vc_accordion_tab title=&#8221;1948&#8243;][vc_column_text]A Defko-t 1948-ban alap\u00edtott\u00e1k, \u00e9s h\u00e1rom gener\u00e1ci\u00f3n kereszt\u00fcl volt csal\u00e1di tulajdonban.<\/p>\n<p>1958-ig a Defko f\u0151k\u00e9nt aut\u00f3k sz\u00e9nkef\u00e9inek \u00e9s kism\u00e9ret\u0171 sz\u00e9nkef\u00e9knek, valamint \u00e1ramfejleszt\u0151k \u00e9s ind\u00edt\u00f3motorok szinterelt csap\u00e1gyainak a sorozatgy\u00e1rt\u00e1s\u00e1val foglalkozott. Ezt k\u00f6vet\u0151en a szinterelt csap\u00e1gyk\u00e9sz\u00edt\u00e9s egyre jelent\u0151sebb\u00e9 v\u00e1lt, ami arra ind\u00edtotta a c\u00e9get, hogy m\u00e1s szinterelt alkatr\u00e9szeket is gy\u00e1rtson. 1960-ban m\u00e1r t\u00f6bb mint 50 milli\u00f3 darab szinterelt term\u00e9k k\u00e9sz\u00fclt.<\/p>\n<p>1973-ban a gy\u00e1rt\u00f3ter\u00fcletet egy B\u00e9cs\u00fajhely melletti, eggendorfi, megfelel\u0151 m\u00e9ret\u0171 iparter\u00fclet megv\u00e1s\u00e1rl\u00e1s\u00e1val a sokszoros\u00e1ra b\u0151v\u00edtett\u00fck.<\/p>\n<p>A Defko-n\u00e1l a fejleszt\u00e9s, a szersz\u00e1mk\u00e9sz\u00edt\u00e9s \u00e9s a gy\u00e1rt\u00e1s a kezdetekt\u0151l fogva egy tet\u0151 alatt egyes\u00fcl.[\/vc_column_text][\/vc_accordion_tab][vc_accordion_tab title=&#8221;1991-t\u0151l 1994-ig&#8221;][vc_column_text]1991 \u00e9s 1994 k\u00f6z\u00f6tt a gy\u00e1rt\u00e1s Eggendorfb\u00f3l Sopronba ker\u00fclt \u00e1t. Az \u00e1thelyez\u00e9ssel \u00fajb\u00f3l b\u0151v\u00edteni tudtuk a gy\u00e1rt\u00f3ter\u00fcletet, \u00e9s a telephelyet fokr\u00f3l fokra \u00e9p\u00edtett\u00fck ki.<\/p>\n<p>Berndorfban ma az adminisztr\u00e1ci\u00f3s k\u00f6zpontunk tal\u00e1lhat\u00f3.[\/vc_column_text][\/vc_accordion_tab][vc_accordion_tab title=&#8221;2016&#8243;][vc_column_text]2016 \u00f3ta a Defko az ncc-Beteiligungsgesellschaft le\u00e1nyv\u00e1llalata, amely a f\u00e9mmegmunk\u00e1l\u00e1s ter\u00fclet\u00e9n tev\u00e9kenyked\u0151 ipari t\u00e1rsas\u00e1gokban l\u00e9v\u0151 r\u00e9szesed\u00e9sekre specializ\u00e1l\u00f3dott. A c\u00e9g \u00fcgyvezet\u0151je, Dr. Clemens Kellner okl. m\u00e9rn\u00f6k &#8211; a f\u00e9mfeldolgoz\u00f3 ipar szak\u00e9rt\u0151je &#8211; tan\u00e1csaival t\u00e1mogatja a Defko-t.[\/vc_column_text][\/vc_accordion_tab][\/vc_accordion][\/vc_column][\/vc_row][vc_row padding_bottom=&#8221;5%&#8221;][vc_column]<div class=\"grve-element grve-gallery grve-isotope grve-gallery-popup\" style=\"\" data-gutter=\"yes\" data-type=\"4-columns\" data-layout=\"packery\"><div class=\"grve-isotope-container\"><div class=\"grve-isotope-item  grve-packery-image\"><a href=\"https:\/\/defko.eu\/wp-content\/uploads\/2020\/12\/KPH_3897.jpg\"><figure class=\"grve-image-hover grve-zoom-in\"><div class=\"grve-media grve-light-overlay grve-opacity-40\"><img loading=\"lazy\" decoding=\"async\" width=\"560\" height=\"560\" src=\"https:\/\/defko.eu\/wp-content\/uploads\/2020\/12\/KPH_3897-560x560.jpg\" class=\"attachment-grve-image-small-square size-grve-image-small-square\" alt=\"\u00a9defko sinter Kft\" srcset=\"https:\/\/defko.eu\/wp-content\/uploads\/2020\/12\/KPH_3897-560x560.jpg 560w, https:\/\/defko.eu\/wp-content\/uploads\/2020\/12\/KPH_3897-150x150.jpg 150w, https:\/\/defko.eu\/wp-content\/uploads\/2020\/12\/KPH_3897-80x80.jpg 80w\" sizes=\"auto, (max-width: 560px) 100vw, 560px\" \/><\/div><figcaption><\/figcaption><\/figure><\/a><\/div><div class=\"grve-isotope-item  grve-packery-image\"><a href=\"https:\/\/defko.eu\/wp-content\/uploads\/2020\/12\/KPH_3898.jpg\"><figure class=\"grve-image-hover grve-zoom-in\"><div class=\"grve-media grve-light-overlay grve-opacity-40\"><img loading=\"lazy\" decoding=\"async\" width=\"560\" height=\"560\" src=\"https:\/\/defko.eu\/wp-content\/uploads\/2020\/12\/KPH_3898-560x560.jpg\" class=\"attachment-grve-image-small-square size-grve-image-small-square\" alt=\"\u00a9defko sinter Kft\" srcset=\"https:\/\/defko.eu\/wp-content\/uploads\/2020\/12\/KPH_3898-560x560.jpg 560w, https:\/\/defko.eu\/wp-content\/uploads\/2020\/12\/KPH_3898-150x150.jpg 150w, https:\/\/defko.eu\/wp-content\/uploads\/2020\/12\/KPH_3898-80x80.jpg 80w\" sizes=\"auto, (max-width: 560px) 100vw, 560px\" \/><\/div><figcaption><\/figcaption><\/figure><\/a><\/div><div class=\"grve-isotope-item  grve-packery-image\"><a href=\"https:\/\/defko.eu\/wp-content\/uploads\/2020\/12\/KPH_3910.jpg\"><figure class=\"grve-image-hover grve-zoom-in\"><div class=\"grve-media grve-light-overlay grve-opacity-40\"><img loading=\"lazy\" decoding=\"async\" width=\"560\" height=\"560\" src=\"https:\/\/defko.eu\/wp-content\/uploads\/2020\/12\/KPH_3910-560x560.jpg\" class=\"attachment-grve-image-small-square size-grve-image-small-square\" alt=\"\u00a9defko sinter Kft\" srcset=\"https:\/\/defko.eu\/wp-content\/uploads\/2020\/12\/KPH_3910-560x560.jpg 560w, https:\/\/defko.eu\/wp-content\/uploads\/2020\/12\/KPH_3910-150x150.jpg 150w, https:\/\/defko.eu\/wp-content\/uploads\/2020\/12\/KPH_3910-80x80.jpg 80w\" sizes=\"auto, (max-width: 560px) 100vw, 560px\" \/><\/div><figcaption><\/figcaption><\/figure><\/a><\/div><div class=\"grve-isotope-item  grve-packery-image\"><a href=\"https:\/\/defko.eu\/wp-content\/uploads\/2020\/12\/KPH_3918.jpg\"><figure class=\"grve-image-hover grve-zoom-in\"><div class=\"grve-media grve-light-overlay grve-opacity-40\"><img loading=\"lazy\" decoding=\"async\" width=\"560\" height=\"560\" src=\"https:\/\/defko.eu\/wp-content\/uploads\/2020\/12\/KPH_3918-560x560.jpg\" class=\"attachment-grve-image-small-square size-grve-image-small-square\" alt=\"\u00a9defko sinter Kft\" srcset=\"https:\/\/defko.eu\/wp-content\/uploads\/2020\/12\/KPH_3918-560x560.jpg 560w, https:\/\/defko.eu\/wp-content\/uploads\/2020\/12\/KPH_3918-150x150.jpg 150w, https:\/\/defko.eu\/wp-content\/uploads\/2020\/12\/KPH_3918-80x80.jpg 80w\" sizes=\"auto, (max-width: 560px) 100vw, 560px\" \/><\/div><figcaption><\/figcaption><\/figure><\/a><\/div><div class=\"grve-isotope-item  grve-packery-image\"><a href=\"https:\/\/defko.eu\/wp-content\/uploads\/2020\/12\/KPH_3551.jpg\"><figure class=\"grve-image-hover grve-zoom-in\"><div class=\"grve-media grve-light-overlay grve-opacity-40\"><img loading=\"lazy\" decoding=\"async\" width=\"560\" height=\"560\" src=\"https:\/\/defko.eu\/wp-content\/uploads\/2020\/12\/KPH_3551-560x560.jpg\" class=\"attachment-grve-image-small-square size-grve-image-small-square\" alt=\"\u00a9defko sinter Kft\" srcset=\"https:\/\/defko.eu\/wp-content\/uploads\/2020\/12\/KPH_3551-560x560.jpg 560w, https:\/\/defko.eu\/wp-content\/uploads\/2020\/12\/KPH_3551-150x150.jpg 150w, https:\/\/defko.eu\/wp-content\/uploads\/2020\/12\/KPH_3551-80x80.jpg 80w\" sizes=\"auto, (max-width: 560px) 100vw, 560px\" \/><\/div><figcaption><\/figcaption><\/figure><\/a><\/div><div class=\"grve-isotope-item  grve-packery-image\"><a href=\"https:\/\/defko.eu\/wp-content\/uploads\/2020\/12\/KPH_3904.jpg\"><figure class=\"grve-image-hover grve-zoom-in\"><div class=\"grve-media grve-light-overlay grve-opacity-40\"><img loading=\"lazy\" decoding=\"async\" width=\"560\" height=\"560\" src=\"https:\/\/defko.eu\/wp-content\/uploads\/2020\/12\/KPH_3904-560x560.jpg\" class=\"attachment-grve-image-small-square size-grve-image-small-square\" alt=\"\u00a9defko sinter Kft\" srcset=\"https:\/\/defko.eu\/wp-content\/uploads\/2020\/12\/KPH_3904-560x560.jpg 560w, https:\/\/defko.eu\/wp-content\/uploads\/2020\/12\/KPH_3904-150x150.jpg 150w, https:\/\/defko.eu\/wp-content\/uploads\/2020\/12\/KPH_3904-80x80.jpg 80w\" sizes=\"auto, (max-width: 560px) 100vw, 560px\" \/><\/div><figcaption><\/figcaption><\/figure><\/a><\/div><div class=\"grve-isotope-item  grve-packery-w2\"><a href=\"https:\/\/defko.eu\/wp-content\/uploads\/2020\/12\/KPH_3544-1.jpg\"><figure class=\"grve-image-hover grve-zoom-in\"><div class=\"grve-media grve-light-overlay grve-opacity-40\"><img loading=\"lazy\" decoding=\"async\" width=\"1120\" height=\"560\" src=\"https:\/\/defko.eu\/wp-content\/uploads\/2020\/12\/KPH_3544-1-1120x560.jpg\" class=\"attachment-grve-image-medium-rect-horizontal size-grve-image-medium-rect-horizontal\" alt=\"\u00a9defko sinter Kft\" \/><\/div><figcaption><\/figcaption><\/figure><\/a><\/div><\/div><\/div>[\/vc_column][\/vc_row][vc_row bg_type=&#8221;color&#8221; footer_feature=&#8221;yes&#8221; image_effect=&#8221;0&#8243; bg_color=&#8221;#406574&#8243; padding_top=&#8221;90&#8243; padding_bottom=&#8221;90&#8243; font_color=&#8221;#ffffff&#8221;][vc_column][vc_tabs][vc_tab title=&#8221;defko Superior Sinter Solutions&#8221; tab_id=&#8221;1407177513011-0-7&#8243;][vc_column_text text_style=&#8221;leader-text&#8221;]<\/p>\n<p style=\"text-align: justify;\">Hogyan lehet egy projektet sikeresen megval\u00f3s\u00edtani?<br \/>\nHa minden fogasker\u00e9k egym\u00e1sba illeszkedik, t\u00f6k\u00e9letesen egym\u00e1shoz igaz\u00edtva \u00e9s h\u00e9zagok n\u00e9lk\u00fcl.<br \/>\nHogy ezt honnan tudjuk ennyire pontosan?<br \/>\n<strong>Mert t\u00f6bb mint 70 \u00e9ve ez a Defko k\u00fcldet\u00e9se.<\/strong><\/p>\n<p>[\/vc_column_text][\/vc_tab][vc_tab title=&#8221;A defko vez\u00e9relve, v\u00edzi\u00f3ja&#8221; tab_id=&#8221;1407177513268-0-9&#8243;][vc_column_text text_style=&#8221;leader-text&#8221;]T\u00e1rsas\u00e1gunkn\u00e1l t\u00f6bbr\u0151l van sz\u00f3, mint szinterelt term\u00e9kekr\u0151l. Lelkesed\u00e9sr\u0151l, szenved\u00e9lyr\u0151l, amb\u00edci\u00f3kr\u00f3l \u00e9s szem\u00e9lyes er\u0151fesz\u00edt\u00e9sekr\u0151l van sz\u00f3, amikor egy term\u00e9ket fejleszt\u00fcnk \u00e9s \u00e1ll\u00edtunk el\u0151. \u00d6r\u00f6mmel l\u00e9p\u00fcnk \u00faj utakra \u00e9s pr\u00f3b\u00e1ljuk ki \u0151ket. Szeretj\u00fck a mesters\u00e9g\u00fcnket, \u00e9s dinamikusan vissz\u00fck azt el\u0151re. Minden mikrom\u00e9ter pontoss\u00e1g\u00e9rt megk\u00fczd\u00fcnk, \u00e9s ezzel egyidej\u0171leg a k\u00f6lts\u00e9gek optimaliz\u00e1l\u00e1s\u00e1\u00e9rt is. \u00cdgy keletkezett a vez\u00e9relv\u00fcnk:<br \/>\n<strong>d<\/strong>inamikusan, <strong>e<\/strong>lsz\u00e1ntan, <strong>f<\/strong>ejl\u0151dve, <strong>k<\/strong>edvez\u0151 k\u00f6lts\u00e9gekkel, <strong>o<\/strong>ptim\u00e1lisan[\/vc_column_text][\/vc_tab][vc_tab title=&#8221;A defko benne van a kih\u00edv\u00e1sokban&#8221; tab_id=&#8221;1407177513399-0-5&#8243;][vc_column_text text_style=&#8221;leader-text&#8221; css=&#8221;.vc_custom_1617697331529{margin-bottom: 30px !important;}&#8221;]Mi a k\u00fcl\u00f6nleges a t\u00e1rsas\u00e1gunkban?<br \/>\nHogy alapvet\u0151en olyanok vagyunk, mint egy csal\u00e1d. Egy\u00fctt oldjuk meg a kih\u00edv\u00e1sokkal teli helyzeteket, csapatk\u00e9nt. Sok\u00e9ves tapasztalatunknak k\u00f6sz\u00f6nhet\u0151en ez mindig siker\u00fcl.<br \/>\nAhol m\u00e1sok a megval\u00f3s\u00edthat\u00f3s\u00e1g hat\u00e1raiba \u00fctk\u00f6znek, sz\u00e1munkra az csak a kezdet. Vev\u0151ink \u00e9rdek\u00e9ben a m\u0171szaki megval\u00f3s\u00edthat\u00f3s\u00e1g k\u00e9rd\u00e9sk\u00f6r\u00e9ben folyamatosan b\u0151v\u00edtj\u00fck a rendelkez\u00e9s\u00fcnkre \u00e1ll\u00f3 know-how-t.[\/vc_column_text][\/vc_tab][\/vc_tabs][\/vc_column][\/vc_row]<\/p>\n<\/div>","protected":false},"excerpt":{"rendered":"<p>[vc_row padding_top=&#8221;5%&#8221; margin_bottom=&#8221;7%&#8221;][vc_column][vc_column_text text_style=&#8221;leader-text&#8221;] &#8222;Nincs lehetetlen, csak tehetetlen&#8221; &#8211; ez a n\u00e9gy sz\u00f3 a Defko-g\u00e9pezet motorja. [\/vc_column_text][\/vc_column][\/vc_row][vc_row padding_bottom=&#8221;3%&#8221;][vc_column width=&#8221;1\/2&#8243;][\/vc_column][vc_column width=&#8221;1\/2&#8243;][vc_column_text]H\u00e1romgener\u00e1ci\u00f3nyi csal\u00e1di v\u00e1llalkoz\u00e1st k\u00f6vet\u0151en az alap\u00edt\u00f3 Fiel csal\u00e1d az ncc Beteiligungsgesellschaft kez\u00e9be helyezte a know-how-t \u00e9s a csapatot. A v\u00e1llalat k\u00e9t sikerfejezet\u00e9t Christoph Niedrist kapcsolta \u00f6ssze z\u00f6kken\u0151mentesen, aki az alap\u00edt\u00f3 csal\u00e1d tagjak\u00e9nt az \u00faj tulajdonosi k\u00f6r [&hellip;]<\/p>\n","protected":false},"author":2,"featured_media":0,"parent":7001,"menu_order":0,"comment_status":"open","ping_status":"closed","template":"","meta":{"footnotes":""},"class_list":["post-7022","page","type-page","status-publish","hentry"],"yoast_head":"<!-- This site is optimized with the Yoast SEO plugin v27.3 - https:\/\/yoast.com\/product\/yoast-seo-wordpress\/ -->\n<title>GYIK - defko<\/title>\n<meta name=\"description\" content=\"Itt tal\u00e1lja a szinterez\u00e9si technol\u00f3gi\u00e1val kapcsolatos, leggyakrabban feltett k\u00e9rd\u00e9seket. Tekintsen meg t\u00f6bbet most!\" \/>\n<meta name=\"robots\" content=\"index, follow, max-snippet:-1, max-image-preview:large, max-video-preview:-1\" \/>\n<link rel=\"canonical\" href=\"https:\/\/defko.eu\/hu\/adatvedelmi-nyilatkozat\/faqs\/\" \/>\n<meta property=\"og:locale\" content=\"hu_HU\" \/>\n<meta property=\"og:type\" content=\"article\" \/>\n<meta property=\"og:title\" content=\"GYIK - defko\" \/>\n<meta property=\"og:description\" content=\"Itt tal\u00e1lja a szinterez\u00e9si technol\u00f3gi\u00e1val kapcsolatos, leggyakrabban feltett k\u00e9rd\u00e9seket. Tekintsen meg t\u00f6bbet most!\" \/>\n<meta property=\"og:url\" content=\"https:\/\/defko.eu\/hu\/adatvedelmi-nyilatkozat\/faqs\/\" \/>\n<meta property=\"og:site_name\" content=\"defko\" \/>\n<meta property=\"article:modified_time\" content=\"2024-03-06T08:55:52+00:00\" \/>\n<meta property=\"og:image\" content=\"https:\/\/defko.eu\/wp-content\/uploads\/2023\/11\/defko-card-logo.png\" \/>\n\t<meta property=\"og:image:width\" content=\"220\" \/>\n\t<meta property=\"og:image:height\" content=\"220\" \/>\n\t<meta property=\"og:image:type\" content=\"image\/png\" \/>\n<script type=\"application\/ld+json\" class=\"yoast-schema-graph\">{\"@context\":\"https:\\\/\\\/schema.org\",\"@graph\":[{\"@type\":\"WebPage\",\"@id\":\"https:\\\/\\\/defko.eu\\\/hu\\\/adatvedelmi-nyilatkozat\\\/faqs\\\/\",\"url\":\"https:\\\/\\\/defko.eu\\\/hu\\\/adatvedelmi-nyilatkozat\\\/faqs\\\/\",\"name\":\"GYIK - defko\",\"isPartOf\":{\"@id\":\"https:\\\/\\\/defko.eu\\\/hu\\\/#website\"},\"datePublished\":\"2021-03-26T11:05:57+00:00\",\"dateModified\":\"2024-03-06T08:55:52+00:00\",\"description\":\"Itt tal\u00e1lja a szinterez\u00e9si technol\u00f3gi\u00e1val kapcsolatos, leggyakrabban feltett k\u00e9rd\u00e9seket. Tekintsen meg t\u00f6bbet most!\",\"breadcrumb\":{\"@id\":\"https:\\\/\\\/defko.eu\\\/hu\\\/adatvedelmi-nyilatkozat\\\/faqs\\\/#breadcrumb\"},\"inLanguage\":\"hu\",\"potentialAction\":[{\"@type\":\"ReadAction\",\"target\":[\"https:\\\/\\\/defko.eu\\\/hu\\\/adatvedelmi-nyilatkozat\\\/faqs\\\/\"]}]},{\"@type\":\"BreadcrumbList\",\"@id\":\"https:\\\/\\\/defko.eu\\\/hu\\\/adatvedelmi-nyilatkozat\\\/faqs\\\/#breadcrumb\",\"itemListElement\":[{\"@type\":\"ListItem\",\"position\":1,\"name\":\"Startseite\",\"item\":\"https:\\\/\\\/defko.eu\\\/hu\\\/\"},{\"@type\":\"ListItem\",\"position\":2,\"name\":\"C\u00e9g\u00fcnkr\u0151l\",\"item\":\"https:\\\/\\\/defko.eu\\\/hu\\\/adatvedelmi-nyilatkozat\\\/\"},{\"@type\":\"ListItem\",\"position\":3,\"name\":\"C\u00e9gt\u00f6rt\u00e9net\"}]},{\"@type\":\"WebSite\",\"@id\":\"https:\\\/\\\/defko.eu\\\/hu\\\/#website\",\"url\":\"https:\\\/\\\/defko.eu\\\/hu\\\/\",\"name\":\"defko\",\"description\":\"Superior Sinter Solutions\",\"publisher\":{\"@id\":\"https:\\\/\\\/defko.eu\\\/hu\\\/#organization\"},\"potentialAction\":[{\"@type\":\"SearchAction\",\"target\":{\"@type\":\"EntryPoint\",\"urlTemplate\":\"https:\\\/\\\/defko.eu\\\/hu\\\/?s={search_term_string}\"},\"query-input\":{\"@type\":\"PropertyValueSpecification\",\"valueRequired\":true,\"valueName\":\"search_term_string\"}}],\"inLanguage\":\"hu\"},{\"@type\":\"Organization\",\"@id\":\"https:\\\/\\\/defko.eu\\\/hu\\\/#organization\",\"name\":\"Defko\",\"url\":\"https:\\\/\\\/defko.eu\\\/hu\\\/\",\"logo\":{\"@type\":\"ImageObject\",\"inLanguage\":\"hu\",\"@id\":\"https:\\\/\\\/defko.eu\\\/hu\\\/#\\\/schema\\\/logo\\\/image\\\/\",\"url\":\"https:\\\/\\\/defko.eu\\\/wp-content\\\/uploads\\\/2023\\\/11\\\/defko-card-logo.png\",\"contentUrl\":\"https:\\\/\\\/defko.eu\\\/wp-content\\\/uploads\\\/2023\\\/11\\\/defko-card-logo.png\",\"width\":220,\"height\":220,\"caption\":\"Defko\"},\"image\":{\"@id\":\"https:\\\/\\\/defko.eu\\\/hu\\\/#\\\/schema\\\/logo\\\/image\\\/\"}}]}<\/script>\n<!-- \/ Yoast SEO plugin. -->","yoast_head_json":{"title":"GYIK - defko","description":"Itt tal\u00e1lja a szinterez\u00e9si technol\u00f3gi\u00e1val kapcsolatos, leggyakrabban feltett k\u00e9rd\u00e9seket. Tekintsen meg t\u00f6bbet most!","robots":{"index":"index","follow":"follow","max-snippet":"max-snippet:-1","max-image-preview":"max-image-preview:large","max-video-preview":"max-video-preview:-1"},"canonical":"https:\/\/defko.eu\/hu\/adatvedelmi-nyilatkozat\/faqs\/","og_locale":"hu_HU","og_type":"article","og_title":"GYIK - defko","og_description":"Itt tal\u00e1lja a szinterez\u00e9si technol\u00f3gi\u00e1val kapcsolatos, leggyakrabban feltett k\u00e9rd\u00e9seket. Tekintsen meg t\u00f6bbet most!","og_url":"https:\/\/defko.eu\/hu\/adatvedelmi-nyilatkozat\/faqs\/","og_site_name":"defko","article_modified_time":"2024-03-06T08:55:52+00:00","og_image":[{"width":220,"height":220,"url":"https:\/\/defko.eu\/wp-content\/uploads\/2023\/11\/defko-card-logo.png","type":"image\/png"}],"schema":{"@context":"https:\/\/schema.org","@graph":[{"@type":"WebPage","@id":"https:\/\/defko.eu\/hu\/adatvedelmi-nyilatkozat\/faqs\/","url":"https:\/\/defko.eu\/hu\/adatvedelmi-nyilatkozat\/faqs\/","name":"GYIK - defko","isPartOf":{"@id":"https:\/\/defko.eu\/hu\/#website"},"datePublished":"2021-03-26T11:05:57+00:00","dateModified":"2024-03-06T08:55:52+00:00","description":"Itt tal\u00e1lja a szinterez\u00e9si technol\u00f3gi\u00e1val kapcsolatos, leggyakrabban feltett k\u00e9rd\u00e9seket. Tekintsen meg t\u00f6bbet most!","breadcrumb":{"@id":"https:\/\/defko.eu\/hu\/adatvedelmi-nyilatkozat\/faqs\/#breadcrumb"},"inLanguage":"hu","potentialAction":[{"@type":"ReadAction","target":["https:\/\/defko.eu\/hu\/adatvedelmi-nyilatkozat\/faqs\/"]}]},{"@type":"BreadcrumbList","@id":"https:\/\/defko.eu\/hu\/adatvedelmi-nyilatkozat\/faqs\/#breadcrumb","itemListElement":[{"@type":"ListItem","position":1,"name":"Startseite","item":"https:\/\/defko.eu\/hu\/"},{"@type":"ListItem","position":2,"name":"C\u00e9g\u00fcnkr\u0151l","item":"https:\/\/defko.eu\/hu\/adatvedelmi-nyilatkozat\/"},{"@type":"ListItem","position":3,"name":"C\u00e9gt\u00f6rt\u00e9net"}]},{"@type":"WebSite","@id":"https:\/\/defko.eu\/hu\/#website","url":"https:\/\/defko.eu\/hu\/","name":"defko","description":"Superior Sinter Solutions","publisher":{"@id":"https:\/\/defko.eu\/hu\/#organization"},"potentialAction":[{"@type":"SearchAction","target":{"@type":"EntryPoint","urlTemplate":"https:\/\/defko.eu\/hu\/?s={search_term_string}"},"query-input":{"@type":"PropertyValueSpecification","valueRequired":true,"valueName":"search_term_string"}}],"inLanguage":"hu"},{"@type":"Organization","@id":"https:\/\/defko.eu\/hu\/#organization","name":"Defko","url":"https:\/\/defko.eu\/hu\/","logo":{"@type":"ImageObject","inLanguage":"hu","@id":"https:\/\/defko.eu\/hu\/#\/schema\/logo\/image\/","url":"https:\/\/defko.eu\/wp-content\/uploads\/2023\/11\/defko-card-logo.png","contentUrl":"https:\/\/defko.eu\/wp-content\/uploads\/2023\/11\/defko-card-logo.png","width":220,"height":220,"caption":"Defko"},"image":{"@id":"https:\/\/defko.eu\/hu\/#\/schema\/logo\/image\/"}}]}},"_links":{"self":[{"href":"https:\/\/defko.eu\/hu\/wp-json\/wp\/v2\/pages\/7022","targetHints":{"allow":["GET"]}}],"collection":[{"href":"https:\/\/defko.eu\/hu\/wp-json\/wp\/v2\/pages"}],"about":[{"href":"https:\/\/defko.eu\/hu\/wp-json\/wp\/v2\/types\/page"}],"author":[{"embeddable":true,"href":"https:\/\/defko.eu\/hu\/wp-json\/wp\/v2\/users\/2"}],"replies":[{"embeddable":true,"href":"https:\/\/defko.eu\/hu\/wp-json\/wp\/v2\/comments?post=7022"}],"version-history":[{"count":3,"href":"https:\/\/defko.eu\/hu\/wp-json\/wp\/v2\/pages\/7022\/revisions"}],"predecessor-version":[{"id":7097,"href":"https:\/\/defko.eu\/hu\/wp-json\/wp\/v2\/pages\/7022\/revisions\/7097"}],"up":[{"embeddable":true,"href":"https:\/\/defko.eu\/hu\/wp-json\/wp\/v2\/pages\/7001"}],"wp:attachment":[{"href":"https:\/\/defko.eu\/hu\/wp-json\/wp\/v2\/media?parent=7022"}],"curies":[{"name":"wp","href":"https:\/\/api.w.org\/{rel}","templated":true}]}}