{"id":7001,"date":"2021-03-22T14:56:06","date_gmt":"2021-03-22T13:56:06","guid":{"rendered":"https:\/\/defko.eu\/?page_id=7001"},"modified":"2024-03-06T09:54:58","modified_gmt":"2024-03-06T08:54:58","slug":"adatvedelmi-nyilatkozat","status":"publish","type":"page","link":"https:\/\/defko.eu\/hu\/adatvedelmi-nyilatkozat\/","title":{"rendered":"C\u00e9g\u00fcnkr\u0151l"},"content":{"rendered":"<div class=\"wpb-content-wrapper\"><p>[vc_row section_type=&#8221;in-container&#8221; padding_top=&#8221;5%&#8221; padding_bottom=&#8221;5%&#8221;][vc_column css=&#8221;.vc_custom_1597402785491{padding-right: 20% !important;padding-left: 20% !important;}&#8221;]<h4 class=\"grve-element grve-align-center grve-title-line grve-h4\" style=\"margin-bottom: 40px;\"><span>Mi a mott\u00f3nk?<\/span><\/h4>[vc_column_text text_style=&#8221;leader-text&#8221;]<\/p>\n<p style=\"text-align: center;\">A legjobb min\u0151s\u00e9g \u00e9s szaktud\u00e1s egyazon k\u00e9zb\u0151l. <strong>Egyszer\u0171en defko.<\/strong><\/p>\n<p>[\/vc_column_text][\/vc_column][\/vc_row][vc_row padding_bottom=&#8221;5%&#8221;][vc_column]<div class=\"grve-element grve-gallery grve-isotope grve-gallery-popup\" style=\"\" data-gutter=\"yes\" data-type=\"4-columns\" data-layout=\"packery\"><div class=\"grve-isotope-container\"><div class=\"grve-isotope-item  grve-packery-image\"><a href=\"https:\/\/defko.eu\/wp-content\/uploads\/2020\/12\/KPH_5237.jpg\"><figure class=\"grve-image-hover grve-zoom-in\"><div class=\"grve-media grve-light-overlay grve-opacity-40\"><img loading=\"lazy\" decoding=\"async\" width=\"560\" height=\"560\" src=\"https:\/\/defko.eu\/wp-content\/uploads\/2020\/12\/KPH_5237-560x560.jpg\" class=\"attachment-grve-image-small-square size-grve-image-small-square\" alt=\"\u00a9defko sinter Kft\" srcset=\"https:\/\/defko.eu\/wp-content\/uploads\/2020\/12\/KPH_5237-560x560.jpg 560w, https:\/\/defko.eu\/wp-content\/uploads\/2020\/12\/KPH_5237-150x150.jpg 150w, https:\/\/defko.eu\/wp-content\/uploads\/2020\/12\/KPH_5237-80x80.jpg 80w\" sizes=\"auto, (max-width: 560px) 100vw, 560px\" \/><\/div><figcaption><\/figcaption><\/figure><\/a><\/div><div class=\"grve-isotope-item  grve-packery-image\"><a href=\"https:\/\/defko.eu\/wp-content\/uploads\/2020\/08\/defko-galerie3.jpg\"><figure class=\"grve-image-hover grve-zoom-in\"><div class=\"grve-media grve-light-overlay grve-opacity-40\"><img loading=\"lazy\" decoding=\"async\" width=\"560\" height=\"560\" src=\"https:\/\/defko.eu\/wp-content\/uploads\/2020\/08\/defko-galerie3-560x560.jpg\" class=\"attachment-grve-image-small-square size-grve-image-small-square\" alt=\"\" srcset=\"https:\/\/defko.eu\/wp-content\/uploads\/2020\/08\/defko-galerie3-560x560.jpg 560w, https:\/\/defko.eu\/wp-content\/uploads\/2020\/08\/defko-galerie3-150x150.jpg 150w, https:\/\/defko.eu\/wp-content\/uploads\/2020\/08\/defko-galerie3-80x80.jpg 80w\" sizes=\"auto, (max-width: 560px) 100vw, 560px\" \/><\/div><figcaption><\/figcaption><\/figure><\/a><\/div><div class=\"grve-isotope-item  grve-packery-image\"><a href=\"https:\/\/defko.eu\/wp-content\/uploads\/2020\/08\/defko-galerie5.jpg\"><figure class=\"grve-image-hover grve-zoom-in\"><div class=\"grve-media grve-light-overlay grve-opacity-40\"><img loading=\"lazy\" decoding=\"async\" width=\"560\" height=\"560\" src=\"https:\/\/defko.eu\/wp-content\/uploads\/2020\/08\/defko-galerie5-560x560.jpg\" class=\"attachment-grve-image-small-square size-grve-image-small-square\" alt=\"\" srcset=\"https:\/\/defko.eu\/wp-content\/uploads\/2020\/08\/defko-galerie5-560x560.jpg 560w, https:\/\/defko.eu\/wp-content\/uploads\/2020\/08\/defko-galerie5-150x150.jpg 150w, https:\/\/defko.eu\/wp-content\/uploads\/2020\/08\/defko-galerie5-80x80.jpg 80w\" sizes=\"auto, (max-width: 560px) 100vw, 560px\" \/><\/div><figcaption><\/figcaption><\/figure><\/a><\/div><div class=\"grve-isotope-item  grve-packery-image\"><a href=\"https:\/\/defko.eu\/wp-content\/uploads\/2020\/12\/KPH_4868.jpg\"><figure class=\"grve-image-hover grve-zoom-in\"><div class=\"grve-media grve-light-overlay grve-opacity-40\"><img loading=\"lazy\" decoding=\"async\" width=\"560\" height=\"560\" src=\"https:\/\/defko.eu\/wp-content\/uploads\/2020\/12\/KPH_4868-560x560.jpg\" class=\"attachment-grve-image-small-square size-grve-image-small-square\" alt=\"\u00a9defko sinter Kft\" srcset=\"https:\/\/defko.eu\/wp-content\/uploads\/2020\/12\/KPH_4868-560x560.jpg 560w, https:\/\/defko.eu\/wp-content\/uploads\/2020\/12\/KPH_4868-150x150.jpg 150w, https:\/\/defko.eu\/wp-content\/uploads\/2020\/12\/KPH_4868-80x80.jpg 80w\" sizes=\"auto, (max-width: 560px) 100vw, 560px\" \/><\/div><figcaption><\/figcaption><\/figure><\/a><\/div><\/div><\/div>[\/vc_column][\/vc_row][vc_row padding_bottom=&#8221;5%&#8221;][vc_column]<h4 class=\"grve-element grve-align-center grve-title-line grve-h4\" style=\"margin-bottom: 40px;\"><span>Mit tesz\u00fcnk, hogy vev\u0151ink mindig teljesen el\u00e9gedettek legyenek?<\/span><\/h4>[vc_column_text text_style=&#8221;leader-text&#8221;]<\/p>\n<p style=\"text-align: center;\">Ez nagyon egyszer\u0171: Minden munkaf\u00e1zisban a maxim\u00e1lis szolg\u00e1ltat\u00e1s gondolat\u00e1t \u00e9lj\u00fck! A legnagyobb hozz\u00e1\u00e9rt\u00e9s, szaktud\u00e1s, \u00e1ttekinthet\u0151 \u00e1rpolitika, k\u00f6nny\u0171 el\u00e9rhet\u0151s\u00e9g minden \u00fcgyben, valamint a megkeres\u00e9sek \u00e9s megrendel\u00e9sek r\u00f6vid hat\u00e1rid\u0151n bel\u00fcl t\u00f6rt\u00e9n\u0151 lebonyol\u00edt\u00e1sa sz\u00e1munkra term\u00e9szetes. C\u00e9lunk? A vev\u0151t \u00fagy k\u00eds\u00e9rni, hogy a v\u00e9g\u00e9n olyan alkatr\u00e9szt tartson a kez\u00e9ben, amely minden m\u0171szaki k\u00f6vetelm\u00e9nyt t\u00f6k\u00e9letesen kiel\u00e9g\u00edt. Mindezt pedig a legjobb \u00e1r-teljes\u00edtm\u00e9ny ar\u00e1ny mellett. Az, hogy ezt er\u0151fesz\u00edt\u00e9s\u00fcnkkel \u00e9s a rendelkez\u00e9s\u00fcnkre \u00e1ll\u00f3 know-how seg\u00edts\u00e9g\u00e9vel \u00e9rj\u00fck el, t\u00e1rsas\u00e1gunk k\u00f6zponti gondolata.<\/p>\n<p>[\/vc_column_text][\/vc_column][\/vc_row][vc_row padding_bottom=&#8221;5%&#8221;][vc_column]<div class=\"grve-element grve-gallery grve-isotope grve-gallery-popup\" style=\"\" data-gutter=\"yes\" data-type=\"4-columns\" data-layout=\"packery\"><div class=\"grve-isotope-container\"><div class=\"grve-isotope-item  grve-packery-image\"><a href=\"https:\/\/defko.eu\/wp-content\/uploads\/2020\/12\/KPH_5037.jpg\"><figure class=\"grve-image-hover grve-zoom-in\"><div class=\"grve-media grve-light-overlay grve-opacity-40\"><img loading=\"lazy\" decoding=\"async\" width=\"560\" height=\"560\" src=\"https:\/\/defko.eu\/wp-content\/uploads\/2020\/12\/KPH_5037-560x560.jpg\" class=\"attachment-grve-image-small-square size-grve-image-small-square\" alt=\"\u00a9defko sinter Kft\" srcset=\"https:\/\/defko.eu\/wp-content\/uploads\/2020\/12\/KPH_5037-560x560.jpg 560w, https:\/\/defko.eu\/wp-content\/uploads\/2020\/12\/KPH_5037-150x150.jpg 150w, https:\/\/defko.eu\/wp-content\/uploads\/2020\/12\/KPH_5037-80x80.jpg 80w\" sizes=\"auto, (max-width: 560px) 100vw, 560px\" \/><\/div><figcaption><\/figcaption><\/figure><\/a><\/div><div class=\"grve-isotope-item  grve-packery-image\"><a href=\"https:\/\/defko.eu\/wp-content\/uploads\/2020\/12\/KPH_5187.jpg\"><figure class=\"grve-image-hover grve-zoom-in\"><div class=\"grve-media grve-light-overlay grve-opacity-40\"><img loading=\"lazy\" decoding=\"async\" width=\"560\" height=\"560\" src=\"https:\/\/defko.eu\/wp-content\/uploads\/2020\/12\/KPH_5187-560x560.jpg\" class=\"attachment-grve-image-small-square size-grve-image-small-square\" alt=\"\u00a9defko sinter Kft\" srcset=\"https:\/\/defko.eu\/wp-content\/uploads\/2020\/12\/KPH_5187-560x560.jpg 560w, https:\/\/defko.eu\/wp-content\/uploads\/2020\/12\/KPH_5187-150x150.jpg 150w, https:\/\/defko.eu\/wp-content\/uploads\/2020\/12\/KPH_5187-80x80.jpg 80w\" sizes=\"auto, (max-width: 560px) 100vw, 560px\" \/><\/div><figcaption><\/figcaption><\/figure><\/a><\/div><div class=\"grve-isotope-item  grve-packery-image\"><a href=\"https:\/\/defko.eu\/wp-content\/uploads\/2020\/12\/KPH_5129.jpg\"><figure class=\"grve-image-hover grve-zoom-in\"><div class=\"grve-media grve-light-overlay grve-opacity-40\"><img loading=\"lazy\" decoding=\"async\" width=\"560\" height=\"560\" src=\"https:\/\/defko.eu\/wp-content\/uploads\/2020\/12\/KPH_5129-560x560.jpg\" class=\"attachment-grve-image-small-square size-grve-image-small-square\" alt=\"\" srcset=\"https:\/\/defko.eu\/wp-content\/uploads\/2020\/12\/KPH_5129-560x560.jpg 560w, https:\/\/defko.eu\/wp-content\/uploads\/2020\/12\/KPH_5129-150x150.jpg 150w, https:\/\/defko.eu\/wp-content\/uploads\/2020\/12\/KPH_5129-80x80.jpg 80w\" sizes=\"auto, (max-width: 560px) 100vw, 560px\" \/><\/div><figcaption><\/figcaption><\/figure><\/a><\/div><div class=\"grve-isotope-item  grve-packery-image\"><a href=\"https:\/\/defko.eu\/wp-content\/uploads\/2020\/12\/KPH_5063.jpg\"><figure class=\"grve-image-hover grve-zoom-in\"><div class=\"grve-media grve-light-overlay grve-opacity-40\"><img loading=\"lazy\" decoding=\"async\" width=\"560\" height=\"560\" src=\"https:\/\/defko.eu\/wp-content\/uploads\/2020\/12\/KPH_5063-560x560.jpg\" class=\"attachment-grve-image-small-square size-grve-image-small-square\" alt=\"\u00a9defko sinter Kft\" srcset=\"https:\/\/defko.eu\/wp-content\/uploads\/2020\/12\/KPH_5063-560x560.jpg 560w, https:\/\/defko.eu\/wp-content\/uploads\/2020\/12\/KPH_5063-150x150.jpg 150w, https:\/\/defko.eu\/wp-content\/uploads\/2020\/12\/KPH_5063-80x80.jpg 80w\" sizes=\"auto, (max-width: 560px) 100vw, 560px\" \/><\/div><figcaption><\/figcaption><\/figure><\/a><\/div><\/div><\/div>[\/vc_column][\/vc_row][vc_row padding_bottom=&#8221;5%&#8221;][vc_column]<div class=\"grve-element grve-slogan grve-align-center\" style=\"\"><h4 class=\"grve-slogan-title grve-align-center grve-title-line\"><span>Min\u0151s\u00e9gpolitik\u00e1nk mott\u00f3ja<\/span><\/h4>  <p class=\"grve-leader-text\">Cselekv\u00e9s\u00fcnket minden fejleszt\u00e9si \u00e9s gy\u00e1rt\u00e1si m\u0171velet\u00fcnk sor\u00e1n a<br \/>\npontoss\u00e1g \u00e9s a z\u00e9r\u00f3 hiba-filoz\u00f3fia f\u00e9mjelzi.<\/p><\/div>[\/vc_column][\/vc_row][vc_row padding_bottom=&#8221;5%&#8221;][vc_column]<div class=\"grve-element grve-gallery grve-isotope grve-gallery-popup\" style=\"\" data-gutter=\"yes\" data-type=\"4-columns\" data-layout=\"packery\"><div class=\"grve-isotope-container\"><div class=\"grve-isotope-item  grve-packery-image\"><a href=\"https:\/\/defko.eu\/wp-content\/uploads\/2020\/12\/KPH_5046.jpg\"><figure class=\"grve-image-hover grve-zoom-in\"><div class=\"grve-media grve-light-overlay grve-opacity-40\"><img loading=\"lazy\" decoding=\"async\" width=\"560\" height=\"560\" src=\"https:\/\/defko.eu\/wp-content\/uploads\/2020\/12\/KPH_5046-560x560.jpg\" class=\"attachment-grve-image-small-square size-grve-image-small-square\" alt=\"\u00a9defko sinter Kft\" srcset=\"https:\/\/defko.eu\/wp-content\/uploads\/2020\/12\/KPH_5046-560x560.jpg 560w, https:\/\/defko.eu\/wp-content\/uploads\/2020\/12\/KPH_5046-150x150.jpg 150w, https:\/\/defko.eu\/wp-content\/uploads\/2020\/12\/KPH_5046-80x80.jpg 80w\" sizes=\"auto, (max-width: 560px) 100vw, 560px\" \/><\/div><figcaption><\/figcaption><\/figure><\/a><\/div><div class=\"grve-isotope-item  grve-packery-image\"><a href=\"https:\/\/defko.eu\/wp-content\/uploads\/2020\/12\/KPH_4871.jpg\"><figure class=\"grve-image-hover grve-zoom-in\"><div class=\"grve-media grve-light-overlay grve-opacity-40\"><img loading=\"lazy\" decoding=\"async\" width=\"560\" height=\"560\" src=\"https:\/\/defko.eu\/wp-content\/uploads\/2020\/12\/KPH_4871-560x560.jpg\" class=\"attachment-grve-image-small-square size-grve-image-small-square\" alt=\"\u00a9defko sinter Kft\" srcset=\"https:\/\/defko.eu\/wp-content\/uploads\/2020\/12\/KPH_4871-560x560.jpg 560w, https:\/\/defko.eu\/wp-content\/uploads\/2020\/12\/KPH_4871-150x150.jpg 150w, https:\/\/defko.eu\/wp-content\/uploads\/2020\/12\/KPH_4871-80x80.jpg 80w\" sizes=\"auto, (max-width: 560px) 100vw, 560px\" \/><\/div><figcaption><\/figcaption><\/figure><\/a><\/div><div class=\"grve-isotope-item  grve-packery-image\"><a href=\"https:\/\/defko.eu\/wp-content\/uploads\/2020\/12\/KPH_5190-1.jpg\"><figure class=\"grve-image-hover grve-zoom-in\"><div class=\"grve-media grve-light-overlay grve-opacity-40\"><img loading=\"lazy\" decoding=\"async\" width=\"560\" height=\"560\" src=\"https:\/\/defko.eu\/wp-content\/uploads\/2020\/12\/KPH_5190-1-560x560.jpg\" class=\"attachment-grve-image-small-square size-grve-image-small-square\" alt=\"\u00a9defko sinter Kft\" srcset=\"https:\/\/defko.eu\/wp-content\/uploads\/2020\/12\/KPH_5190-1-560x560.jpg 560w, https:\/\/defko.eu\/wp-content\/uploads\/2020\/12\/KPH_5190-1-150x150.jpg 150w, https:\/\/defko.eu\/wp-content\/uploads\/2020\/12\/KPH_5190-1-80x80.jpg 80w\" sizes=\"auto, (max-width: 560px) 100vw, 560px\" \/><\/div><figcaption><\/figcaption><\/figure><\/a><\/div><div class=\"grve-isotope-item  grve-packery-image\"><a href=\"https:\/\/defko.eu\/wp-content\/uploads\/2020\/11\/defko-poduktion-home.jpg\"><figure class=\"grve-image-hover grve-zoom-in\"><div class=\"grve-media grve-light-overlay grve-opacity-40\"><img loading=\"lazy\" decoding=\"async\" width=\"560\" height=\"560\" src=\"https:\/\/defko.eu\/wp-content\/uploads\/2020\/11\/defko-poduktion-home-560x560.jpg\" class=\"attachment-grve-image-small-square size-grve-image-small-square\" alt=\"\" srcset=\"https:\/\/defko.eu\/wp-content\/uploads\/2020\/11\/defko-poduktion-home-560x560.jpg 560w, https:\/\/defko.eu\/wp-content\/uploads\/2020\/11\/defko-poduktion-home-300x300.jpg 300w, https:\/\/defko.eu\/wp-content\/uploads\/2020\/11\/defko-poduktion-home-1024x1024.jpg 1024w, https:\/\/defko.eu\/wp-content\/uploads\/2020\/11\/defko-poduktion-home-150x150.jpg 150w, https:\/\/defko.eu\/wp-content\/uploads\/2020\/11\/defko-poduktion-home-768x768.jpg 768w, https:\/\/defko.eu\/wp-content\/uploads\/2020\/11\/defko-poduktion-home-80x80.jpg 80w, https:\/\/defko.eu\/wp-content\/uploads\/2020\/11\/defko-poduktion-home-1120x1120.jpg 1120w, https:\/\/defko.eu\/wp-content\/uploads\/2020\/11\/defko-poduktion-home.jpg 1200w\" sizes=\"auto, (max-width: 560px) 100vw, 560px\" \/><\/div><figcaption><\/figcaption><\/figure><\/a><\/div><\/div><\/div>[\/vc_column][\/vc_row][vc_row][vc_column width=&#8221;1\/4&#8243;][\/vc_column][vc_column width=&#8221;1\/2&#8243;]<div class=\"grve-element grve-image grve-align-center\" style=\"\"><a class=\"grve-image-popup\" href=\"https:\/\/defko.eu\/wp-content\/uploads\/2021\/04\/defko-Leitbild1-2-HU.jpg\"><img loading=\"lazy\" decoding=\"async\" width=\"1024\" height=\"717\" src=\"https:\/\/defko.eu\/wp-content\/uploads\/2021\/04\/defko-Leitbild1-2-HU-1024x717.jpg\" class=\"attachment-large size-large\" alt=\"Min\u0151s\u00e9gpolitik\u00e1nk mott\u00f3ja\" srcset=\"https:\/\/defko.eu\/wp-content\/uploads\/2021\/04\/defko-Leitbild1-2-HU-1024x717.jpg 1024w, https:\/\/defko.eu\/wp-content\/uploads\/2021\/04\/defko-Leitbild1-2-HU-300x210.jpg 300w, https:\/\/defko.eu\/wp-content\/uploads\/2021\/04\/defko-Leitbild1-2-HU-768x538.jpg 768w, https:\/\/defko.eu\/wp-content\/uploads\/2021\/04\/defko-Leitbild1-2-HU.jpg 1488w\" sizes=\"auto, (max-width: 1024px) 100vw, 1024px\" \/><\/a><\/div>[\/vc_column][vc_column width=&#8221;1\/4&#8243;][\/vc_column][\/vc_row]<\/p>\n<\/div>","protected":false},"excerpt":{"rendered":"<p>[vc_row section_type=&#8221;in-container&#8221; padding_top=&#8221;5%&#8221; padding_bottom=&#8221;5%&#8221;][vc_column css=&#8221;.vc_custom_1597402785491{padding-right: 20% !important;padding-left: 20% !important;}&#8221;][vc_column_text text_style=&#8221;leader-text&#8221;] A legjobb min\u0151s\u00e9g \u00e9s szaktud\u00e1s egyazon k\u00e9zb\u0151l. Egyszer\u0171en defko. [\/vc_column_text][\/vc_column][\/vc_row][vc_row padding_bottom=&#8221;5%&#8221;][vc_column][\/vc_column][\/vc_row][vc_row padding_bottom=&#8221;5%&#8221;][vc_column][vc_column_text text_style=&#8221;leader-text&#8221;] Ez nagyon egyszer\u0171: Minden munkaf\u00e1zisban a maxim\u00e1lis szolg\u00e1ltat\u00e1s gondolat\u00e1t \u00e9lj\u00fck! A legnagyobb hozz\u00e1\u00e9rt\u00e9s, szaktud\u00e1s, \u00e1ttekinthet\u0151 \u00e1rpolitika, k\u00f6nny\u0171 el\u00e9rhet\u0151s\u00e9g minden \u00fcgyben, valamint a megkeres\u00e9sek \u00e9s megrendel\u00e9sek r\u00f6vid hat\u00e1rid\u0151n bel\u00fcl t\u00f6rt\u00e9n\u0151 lebonyol\u00edt\u00e1sa sz\u00e1munkra term\u00e9szetes. [&hellip;]<\/p>\n","protected":false},"author":2,"featured_media":0,"parent":0,"menu_order":0,"comment_status":"open","ping_status":"closed","template":"","meta":{"footnotes":""},"class_list":["post-7001","page","type-page","status-publish","hentry"],"yoast_head":"<!-- This site is optimized with the Yoast SEO plugin v27.3 - https:\/\/yoast.com\/product\/yoast-seo-wordpress\/ -->\n<title>Adatv\u00e9delmi szab\u00e1lyzat - defko<\/title>\n<meta name=\"description\" content=\"Adatv\u00e9delmi szab\u00e1lyzatunk t\u00e1j\u00e9koztatja \u00d6nt a szem\u00e9lyes adatok defko.eu oldalon t\u00f6rt\u00e9n\u0151 feldolgoz\u00e1s\u00e1r\u00f3l. Tudjon meg t\u00f6bbet az \u00d6n jogair\u00f3l \u00e9s az adatv\u00e9delemr\u0151l.\" \/>\n<meta name=\"robots\" content=\"index, follow, max-snippet:-1, max-image-preview:large, max-video-preview:-1\" \/>\n<link rel=\"canonical\" href=\"https:\/\/defko.eu\/hu\/adatvedelmi-nyilatkozat\/\" \/>\n<meta property=\"og:locale\" content=\"hu_HU\" \/>\n<meta property=\"og:type\" content=\"article\" \/>\n<meta property=\"og:title\" content=\"Adatv\u00e9delmi szab\u00e1lyzat - defko\" \/>\n<meta property=\"og:description\" content=\"Adatv\u00e9delmi szab\u00e1lyzatunk t\u00e1j\u00e9koztatja \u00d6nt a szem\u00e9lyes adatok defko.eu oldalon t\u00f6rt\u00e9n\u0151 feldolgoz\u00e1s\u00e1r\u00f3l. Tudjon meg t\u00f6bbet az \u00d6n jogair\u00f3l \u00e9s az adatv\u00e9delemr\u0151l.\" \/>\n<meta property=\"og:url\" content=\"https:\/\/defko.eu\/hu\/adatvedelmi-nyilatkozat\/\" \/>\n<meta property=\"og:site_name\" content=\"defko\" \/>\n<meta property=\"article:modified_time\" content=\"2024-03-06T08:54:58+00:00\" \/>\n<meta property=\"og:image\" content=\"https:\/\/defko.eu\/wp-content\/uploads\/2023\/11\/defko-card-logo.png\" \/>\n\t<meta property=\"og:image:width\" content=\"220\" \/>\n\t<meta property=\"og:image:height\" content=\"220\" \/>\n\t<meta property=\"og:image:type\" content=\"image\/png\" \/>\n<script type=\"application\/ld+json\" class=\"yoast-schema-graph\">{\"@context\":\"https:\\\/\\\/schema.org\",\"@graph\":[{\"@type\":\"WebPage\",\"@id\":\"https:\\\/\\\/defko.eu\\\/hu\\\/adatvedelmi-nyilatkozat\\\/\",\"url\":\"https:\\\/\\\/defko.eu\\\/hu\\\/adatvedelmi-nyilatkozat\\\/\",\"name\":\"Adatv\u00e9delmi szab\u00e1lyzat - defko\",\"isPartOf\":{\"@id\":\"https:\\\/\\\/defko.eu\\\/hu\\\/#website\"},\"datePublished\":\"2021-03-22T13:56:06+00:00\",\"dateModified\":\"2024-03-06T08:54:58+00:00\",\"description\":\"Adatv\u00e9delmi szab\u00e1lyzatunk t\u00e1j\u00e9koztatja \u00d6nt a szem\u00e9lyes adatok defko.eu oldalon t\u00f6rt\u00e9n\u0151 feldolgoz\u00e1s\u00e1r\u00f3l. Tudjon meg t\u00f6bbet az \u00d6n jogair\u00f3l \u00e9s az adatv\u00e9delemr\u0151l.\",\"breadcrumb\":{\"@id\":\"https:\\\/\\\/defko.eu\\\/hu\\\/adatvedelmi-nyilatkozat\\\/#breadcrumb\"},\"inLanguage\":\"hu\",\"potentialAction\":[{\"@type\":\"ReadAction\",\"target\":[\"https:\\\/\\\/defko.eu\\\/hu\\\/adatvedelmi-nyilatkozat\\\/\"]}]},{\"@type\":\"BreadcrumbList\",\"@id\":\"https:\\\/\\\/defko.eu\\\/hu\\\/adatvedelmi-nyilatkozat\\\/#breadcrumb\",\"itemListElement\":[{\"@type\":\"ListItem\",\"position\":1,\"name\":\"Startseite\",\"item\":\"https:\\\/\\\/defko.eu\\\/hu\\\/\"},{\"@type\":\"ListItem\",\"position\":2,\"name\":\"C\u00e9g\u00fcnkr\u0151l\"}]},{\"@type\":\"WebSite\",\"@id\":\"https:\\\/\\\/defko.eu\\\/hu\\\/#website\",\"url\":\"https:\\\/\\\/defko.eu\\\/hu\\\/\",\"name\":\"defko\",\"description\":\"Superior Sinter Solutions\",\"publisher\":{\"@id\":\"https:\\\/\\\/defko.eu\\\/hu\\\/#organization\"},\"potentialAction\":[{\"@type\":\"SearchAction\",\"target\":{\"@type\":\"EntryPoint\",\"urlTemplate\":\"https:\\\/\\\/defko.eu\\\/hu\\\/?s={search_term_string}\"},\"query-input\":{\"@type\":\"PropertyValueSpecification\",\"valueRequired\":true,\"valueName\":\"search_term_string\"}}],\"inLanguage\":\"hu\"},{\"@type\":\"Organization\",\"@id\":\"https:\\\/\\\/defko.eu\\\/hu\\\/#organization\",\"name\":\"Defko\",\"url\":\"https:\\\/\\\/defko.eu\\\/hu\\\/\",\"logo\":{\"@type\":\"ImageObject\",\"inLanguage\":\"hu\",\"@id\":\"https:\\\/\\\/defko.eu\\\/hu\\\/#\\\/schema\\\/logo\\\/image\\\/\",\"url\":\"https:\\\/\\\/defko.eu\\\/wp-content\\\/uploads\\\/2023\\\/11\\\/defko-card-logo.png\",\"contentUrl\":\"https:\\\/\\\/defko.eu\\\/wp-content\\\/uploads\\\/2023\\\/11\\\/defko-card-logo.png\",\"width\":220,\"height\":220,\"caption\":\"Defko\"},\"image\":{\"@id\":\"https:\\\/\\\/defko.eu\\\/hu\\\/#\\\/schema\\\/logo\\\/image\\\/\"}}]}<\/script>\n<!-- \/ Yoast SEO plugin. -->","yoast_head_json":{"title":"Adatv\u00e9delmi szab\u00e1lyzat - defko","description":"Adatv\u00e9delmi szab\u00e1lyzatunk t\u00e1j\u00e9koztatja \u00d6nt a szem\u00e9lyes adatok defko.eu oldalon t\u00f6rt\u00e9n\u0151 feldolgoz\u00e1s\u00e1r\u00f3l. Tudjon meg t\u00f6bbet az \u00d6n jogair\u00f3l \u00e9s az adatv\u00e9delemr\u0151l.","robots":{"index":"index","follow":"follow","max-snippet":"max-snippet:-1","max-image-preview":"max-image-preview:large","max-video-preview":"max-video-preview:-1"},"canonical":"https:\/\/defko.eu\/hu\/adatvedelmi-nyilatkozat\/","og_locale":"hu_HU","og_type":"article","og_title":"Adatv\u00e9delmi szab\u00e1lyzat - defko","og_description":"Adatv\u00e9delmi szab\u00e1lyzatunk t\u00e1j\u00e9koztatja \u00d6nt a szem\u00e9lyes adatok defko.eu oldalon t\u00f6rt\u00e9n\u0151 feldolgoz\u00e1s\u00e1r\u00f3l. Tudjon meg t\u00f6bbet az \u00d6n jogair\u00f3l \u00e9s az adatv\u00e9delemr\u0151l.","og_url":"https:\/\/defko.eu\/hu\/adatvedelmi-nyilatkozat\/","og_site_name":"defko","article_modified_time":"2024-03-06T08:54:58+00:00","og_image":[{"width":220,"height":220,"url":"https:\/\/defko.eu\/wp-content\/uploads\/2023\/11\/defko-card-logo.png","type":"image\/png"}],"schema":{"@context":"https:\/\/schema.org","@graph":[{"@type":"WebPage","@id":"https:\/\/defko.eu\/hu\/adatvedelmi-nyilatkozat\/","url":"https:\/\/defko.eu\/hu\/adatvedelmi-nyilatkozat\/","name":"Adatv\u00e9delmi szab\u00e1lyzat - defko","isPartOf":{"@id":"https:\/\/defko.eu\/hu\/#website"},"datePublished":"2021-03-22T13:56:06+00:00","dateModified":"2024-03-06T08:54:58+00:00","description":"Adatv\u00e9delmi szab\u00e1lyzatunk t\u00e1j\u00e9koztatja \u00d6nt a szem\u00e9lyes adatok defko.eu oldalon t\u00f6rt\u00e9n\u0151 feldolgoz\u00e1s\u00e1r\u00f3l. Tudjon meg t\u00f6bbet az \u00d6n jogair\u00f3l \u00e9s az adatv\u00e9delemr\u0151l.","breadcrumb":{"@id":"https:\/\/defko.eu\/hu\/adatvedelmi-nyilatkozat\/#breadcrumb"},"inLanguage":"hu","potentialAction":[{"@type":"ReadAction","target":["https:\/\/defko.eu\/hu\/adatvedelmi-nyilatkozat\/"]}]},{"@type":"BreadcrumbList","@id":"https:\/\/defko.eu\/hu\/adatvedelmi-nyilatkozat\/#breadcrumb","itemListElement":[{"@type":"ListItem","position":1,"name":"Startseite","item":"https:\/\/defko.eu\/hu\/"},{"@type":"ListItem","position":2,"name":"C\u00e9g\u00fcnkr\u0151l"}]},{"@type":"WebSite","@id":"https:\/\/defko.eu\/hu\/#website","url":"https:\/\/defko.eu\/hu\/","name":"defko","description":"Superior Sinter Solutions","publisher":{"@id":"https:\/\/defko.eu\/hu\/#organization"},"potentialAction":[{"@type":"SearchAction","target":{"@type":"EntryPoint","urlTemplate":"https:\/\/defko.eu\/hu\/?s={search_term_string}"},"query-input":{"@type":"PropertyValueSpecification","valueRequired":true,"valueName":"search_term_string"}}],"inLanguage":"hu"},{"@type":"Organization","@id":"https:\/\/defko.eu\/hu\/#organization","name":"Defko","url":"https:\/\/defko.eu\/hu\/","logo":{"@type":"ImageObject","inLanguage":"hu","@id":"https:\/\/defko.eu\/hu\/#\/schema\/logo\/image\/","url":"https:\/\/defko.eu\/wp-content\/uploads\/2023\/11\/defko-card-logo.png","contentUrl":"https:\/\/defko.eu\/wp-content\/uploads\/2023\/11\/defko-card-logo.png","width":220,"height":220,"caption":"Defko"},"image":{"@id":"https:\/\/defko.eu\/hu\/#\/schema\/logo\/image\/"}}]}},"_links":{"self":[{"href":"https:\/\/defko.eu\/hu\/wp-json\/wp\/v2\/pages\/7001","targetHints":{"allow":["GET"]}}],"collection":[{"href":"https:\/\/defko.eu\/hu\/wp-json\/wp\/v2\/pages"}],"about":[{"href":"https:\/\/defko.eu\/hu\/wp-json\/wp\/v2\/types\/page"}],"author":[{"embeddable":true,"href":"https:\/\/defko.eu\/hu\/wp-json\/wp\/v2\/users\/2"}],"replies":[{"embeddable":true,"href":"https:\/\/defko.eu\/hu\/wp-json\/wp\/v2\/comments?post=7001"}],"version-history":[{"count":8,"href":"https:\/\/defko.eu\/hu\/wp-json\/wp\/v2\/pages\/7001\/revisions"}],"predecessor-version":[{"id":7102,"href":"https:\/\/defko.eu\/hu\/wp-json\/wp\/v2\/pages\/7001\/revisions\/7102"}],"wp:attachment":[{"href":"https:\/\/defko.eu\/hu\/wp-json\/wp\/v2\/media?parent=7001"}],"curies":[{"name":"wp","href":"https:\/\/api.w.org\/{rel}","templated":true}]}}