{"id":6955,"date":"2021-03-22T14:27:04","date_gmt":"2021-03-22T13:27:04","guid":{"rendered":"https:\/\/defko.eu\/?page_id=6955"},"modified":"2024-03-06T10:09:58","modified_gmt":"2024-03-06T09:09:58","slug":"a-vallalat","status":"publish","type":"page","link":"https:\/\/defko.eu\/hu\/a-vallalat\/","title":{"rendered":"Impresszum"},"content":{"rendered":"<p><strong>DEFKO-SINTER Kft.<\/strong><br \/>\n9400 Sopron, K\u0151szegi \u00fat 5-7.<br \/>\n+36 99 321 098<br \/>\n+36 99 523 656<br \/>\n<a href=\"mailto:info@defko.eu\">info@defko.eu<\/a><\/p>\n<p><strong>C\u00e9gn\u00e9v:<\/strong> DEFKO-SINTER Kft.<br \/>\n<strong>Rechtsform: <\/strong>korl\u00e1tolt felel\u0151ss\u00e9g\u0171 t\u00e1rsas\u00e1g<br \/>\n<strong>Sz\u00e9khely:<\/strong> 9400 Sopron, K\u0151szegi<\/p>\n<p><strong>C\u00e9gjegyz\u00e9ksz\u00e1m: <\/strong>Cg.08-09-017746<br \/>\n<strong>A c\u00e9gjegyz\u00e9ket vezet\u0151 b\u00edr\u00f3s\u00e1g: <\/strong>Gy\u0151ri T\u00f6rv\u00e9nysz\u00e9k Adresse: 9002 Gy\u0151r, Szt. Istv\u00e1n \u00fat 6.<br \/>\n<strong>K\u00f6z\u00f6ss\u00e9gi ad\u00f3sz\u00e1m:<\/strong> HU14669204<br \/>\n<strong>Steuernr.:<\/strong> 14669204-2-08<\/p>\n<p><strong>Tev\u00e9kenys\u00e9gi k\u00f6r:<br \/>\n<\/strong>Herstellung von Sinterteilen und Werkzeugen<br \/>\n<strong>Gazdas\u00e1gi kamarai tags\u00e1g:<\/strong><br \/>\nGy\u0151r-Moson-Sopron Megyei Kereskedelmi \u00e9s Iparkamara Adresse: 9021 Gy\u0151r, Szent Istv\u00e1n \u00fat 10\/A<br \/>\n<strong>Fel\u00fcgyeleti hat\u00f3s\u00e1g:<br \/>\n<\/strong>Gy\u0151ri T\u00f6rv\u00e9nysz\u00e9k Adresse: 9002 Gy\u0151r, Szt. Istv\u00e1n \u00fat 6.<br \/>\n<strong>Iparfel\u00fcgyelet:<br \/>\n<\/strong>Polg\u00e1rmesteri hivatal Sopron, Sopron Megyei Jog\u00fa V\u00e1ros Polg\u00e1rmesteri Hivatala Adresse : 9400 Sopron, F\u0151 t\u00e9r 1.<\/p>\n<p><strong>M\u00e9diatulajdonos:<br \/>\n<\/strong>DEFKO-SINTER Kft.<br \/>\n<strong>\u00dcgyvezet\u0151:<br \/>\n<\/strong>Christoph Niedrist<br \/>\n<strong>Tartalmi felel\u0151ss\u00e9g:<br \/>\n<\/strong>DEFKO-SINTER Kft.<\/p>\n<p><strong>Megjelen\u00e9s \u00e9s megval\u00f3s\u00edt\u00e1s:<br \/>\n<\/strong>Webquartier e.U., Heimo Runggaldier, <a href=\"http:\/\/www.webquartier.at\" target=\"_blank\" rel=\"noopener\">www.webquartier.at<\/a><\/p>\n<p>Az Eur\u00f3pai Bizotts\u00e1g fogyaszt\u00f3k r\u00e9sz\u00e9re l\u00e9trehozott online vitarendez\u00e9si platformja: <a href=\"https:\/\/ec.europa.eu\/consumers\/odr\/\" target=\"_blank\" rel=\"noopener\">https:\/\/ec.europa.eu\/consumers\/odr\/<\/a>. Nem vagyunk hajland\u00f3k, \u00e9s nem is vagyunk k\u00f6telesek fogyaszt\u00f3v\u00e9delmi egyeztet\u0151 f\u00f3rum el\u0151tti vitarendez\u00e9si elj\u00e1r\u00e1sban r\u00e9szt venni.<\/p>\n","protected":false},"excerpt":{"rendered":"<p>DEFKO-SINTER Kft. 9400 Sopron, K\u0151szegi \u00fat 5-7. +36 99 321 098 +36 99 523 656 info@defko.eu C\u00e9gn\u00e9v: DEFKO-SINTER Kft. Rechtsform: korl\u00e1tolt felel\u0151ss\u00e9g\u0171 t\u00e1rsas\u00e1g Sz\u00e9khely: 9400 Sopron, K\u0151szegi C\u00e9gjegyz\u00e9ksz\u00e1m: Cg.08-09-017746 A c\u00e9gjegyz\u00e9ket vezet\u0151 b\u00edr\u00f3s\u00e1g: Gy\u0151ri T\u00f6rv\u00e9nysz\u00e9k Adresse: 9002 Gy\u0151r, Szt. Istv\u00e1n \u00fat 6. K\u00f6z\u00f6ss\u00e9gi ad\u00f3sz\u00e1m: HU14669204 Steuernr.: 14669204-2-08 Tev\u00e9kenys\u00e9gi k\u00f6r: Herstellung von Sinterteilen und Werkzeugen Gazdas\u00e1gi [&hellip;]<\/p>\n","protected":false},"author":2,"featured_media":0,"parent":0,"menu_order":0,"comment_status":"closed","ping_status":"closed","template":"","meta":{"footnotes":""},"class_list":["post-6955","page","type-page","status-publish","hentry"],"yoast_head":"<!-- This site is optimized with the Yoast SEO plugin v27.3 - https:\/\/yoast.com\/product\/yoast-seo-wordpress\/ -->\n<title>A defko-r\u00f3l \u00e9s \u00e9rt\u00e9keinkr\u0151l<\/title>\n<meta name=\"description\" content=\"A defko a legmagasabb min\u0151s\u00e9get \u00e9s szak\u00e9rtelmet k\u00e9pviseli. Tudja meg, hogyan \u00e9rj\u00fck el \u00fcgyfeleink el\u00e9gedetts\u00e9g\u00e9t a maxim\u00e1lis kiszolg\u00e1l\u00e1ssal, \u00e1tl\u00e1that\u00f3s\u00e1ggal \u00e9s pontoss\u00e1ggal.\" \/>\n<meta name=\"robots\" content=\"index, follow, max-snippet:-1, max-image-preview:large, max-video-preview:-1\" \/>\n<link rel=\"canonical\" href=\"https:\/\/defko.eu\/hu\/a-vallalat\/\" \/>\n<meta property=\"og:locale\" content=\"hu_HU\" \/>\n<meta property=\"og:type\" content=\"article\" \/>\n<meta property=\"og:title\" content=\"A defko-r\u00f3l \u00e9s \u00e9rt\u00e9keinkr\u0151l\" \/>\n<meta property=\"og:description\" content=\"A defko a legmagasabb min\u0151s\u00e9get \u00e9s szak\u00e9rtelmet k\u00e9pviseli. Tudja meg, hogyan \u00e9rj\u00fck el \u00fcgyfeleink el\u00e9gedetts\u00e9g\u00e9t a maxim\u00e1lis kiszolg\u00e1l\u00e1ssal, \u00e1tl\u00e1that\u00f3s\u00e1ggal \u00e9s pontoss\u00e1ggal.\" \/>\n<meta property=\"og:url\" content=\"https:\/\/defko.eu\/hu\/a-vallalat\/\" \/>\n<meta property=\"og:site_name\" content=\"defko\" \/>\n<meta property=\"article:modified_time\" content=\"2024-03-06T09:09:58+00:00\" \/>\n<meta property=\"og:image\" content=\"https:\/\/defko.eu\/wp-content\/uploads\/2023\/11\/defko-card-logo.png\" \/>\n\t<meta property=\"og:image:width\" content=\"220\" \/>\n\t<meta property=\"og:image:height\" content=\"220\" \/>\n\t<meta property=\"og:image:type\" content=\"image\/png\" \/>\n<script type=\"application\/ld+json\" class=\"yoast-schema-graph\">{\"@context\":\"https:\\\/\\\/schema.org\",\"@graph\":[{\"@type\":\"WebPage\",\"@id\":\"https:\\\/\\\/defko.eu\\\/hu\\\/a-vallalat\\\/\",\"url\":\"https:\\\/\\\/defko.eu\\\/hu\\\/a-vallalat\\\/\",\"name\":\"A defko-r\u00f3l \u00e9s \u00e9rt\u00e9keinkr\u0151l\",\"isPartOf\":{\"@id\":\"https:\\\/\\\/defko.eu\\\/hu\\\/#website\"},\"datePublished\":\"2021-03-22T13:27:04+00:00\",\"dateModified\":\"2024-03-06T09:09:58+00:00\",\"description\":\"A defko a legmagasabb min\u0151s\u00e9get \u00e9s szak\u00e9rtelmet k\u00e9pviseli. Tudja meg, hogyan \u00e9rj\u00fck el \u00fcgyfeleink el\u00e9gedetts\u00e9g\u00e9t a maxim\u00e1lis kiszolg\u00e1l\u00e1ssal, \u00e1tl\u00e1that\u00f3s\u00e1ggal \u00e9s pontoss\u00e1ggal.\",\"breadcrumb\":{\"@id\":\"https:\\\/\\\/defko.eu\\\/hu\\\/a-vallalat\\\/#breadcrumb\"},\"inLanguage\":\"hu\",\"potentialAction\":[{\"@type\":\"ReadAction\",\"target\":[\"https:\\\/\\\/defko.eu\\\/hu\\\/a-vallalat\\\/\"]}]},{\"@type\":\"BreadcrumbList\",\"@id\":\"https:\\\/\\\/defko.eu\\\/hu\\\/a-vallalat\\\/#breadcrumb\",\"itemListElement\":[{\"@type\":\"ListItem\",\"position\":1,\"name\":\"Startseite\",\"item\":\"https:\\\/\\\/defko.eu\\\/hu\\\/\"},{\"@type\":\"ListItem\",\"position\":2,\"name\":\"Impresszum\"}]},{\"@type\":\"WebSite\",\"@id\":\"https:\\\/\\\/defko.eu\\\/hu\\\/#website\",\"url\":\"https:\\\/\\\/defko.eu\\\/hu\\\/\",\"name\":\"defko\",\"description\":\"Superior Sinter Solutions\",\"publisher\":{\"@id\":\"https:\\\/\\\/defko.eu\\\/hu\\\/#organization\"},\"potentialAction\":[{\"@type\":\"SearchAction\",\"target\":{\"@type\":\"EntryPoint\",\"urlTemplate\":\"https:\\\/\\\/defko.eu\\\/hu\\\/?s={search_term_string}\"},\"query-input\":{\"@type\":\"PropertyValueSpecification\",\"valueRequired\":true,\"valueName\":\"search_term_string\"}}],\"inLanguage\":\"hu\"},{\"@type\":\"Organization\",\"@id\":\"https:\\\/\\\/defko.eu\\\/hu\\\/#organization\",\"name\":\"Defko\",\"url\":\"https:\\\/\\\/defko.eu\\\/hu\\\/\",\"logo\":{\"@type\":\"ImageObject\",\"inLanguage\":\"hu\",\"@id\":\"https:\\\/\\\/defko.eu\\\/hu\\\/#\\\/schema\\\/logo\\\/image\\\/\",\"url\":\"https:\\\/\\\/defko.eu\\\/wp-content\\\/uploads\\\/2023\\\/11\\\/defko-card-logo.png\",\"contentUrl\":\"https:\\\/\\\/defko.eu\\\/wp-content\\\/uploads\\\/2023\\\/11\\\/defko-card-logo.png\",\"width\":220,\"height\":220,\"caption\":\"Defko\"},\"image\":{\"@id\":\"https:\\\/\\\/defko.eu\\\/hu\\\/#\\\/schema\\\/logo\\\/image\\\/\"}}]}<\/script>\n<!-- \/ Yoast SEO plugin. -->","yoast_head_json":{"title":"A defko-r\u00f3l \u00e9s \u00e9rt\u00e9keinkr\u0151l","description":"A defko a legmagasabb min\u0151s\u00e9get \u00e9s szak\u00e9rtelmet k\u00e9pviseli. Tudja meg, hogyan \u00e9rj\u00fck el \u00fcgyfeleink el\u00e9gedetts\u00e9g\u00e9t a maxim\u00e1lis kiszolg\u00e1l\u00e1ssal, \u00e1tl\u00e1that\u00f3s\u00e1ggal \u00e9s pontoss\u00e1ggal.","robots":{"index":"index","follow":"follow","max-snippet":"max-snippet:-1","max-image-preview":"max-image-preview:large","max-video-preview":"max-video-preview:-1"},"canonical":"https:\/\/defko.eu\/hu\/a-vallalat\/","og_locale":"hu_HU","og_type":"article","og_title":"A defko-r\u00f3l \u00e9s \u00e9rt\u00e9keinkr\u0151l","og_description":"A defko a legmagasabb min\u0151s\u00e9get \u00e9s szak\u00e9rtelmet k\u00e9pviseli. Tudja meg, hogyan \u00e9rj\u00fck el \u00fcgyfeleink el\u00e9gedetts\u00e9g\u00e9t a maxim\u00e1lis kiszolg\u00e1l\u00e1ssal, \u00e1tl\u00e1that\u00f3s\u00e1ggal \u00e9s pontoss\u00e1ggal.","og_url":"https:\/\/defko.eu\/hu\/a-vallalat\/","og_site_name":"defko","article_modified_time":"2024-03-06T09:09:58+00:00","og_image":[{"width":220,"height":220,"url":"https:\/\/defko.eu\/wp-content\/uploads\/2023\/11\/defko-card-logo.png","type":"image\/png"}],"schema":{"@context":"https:\/\/schema.org","@graph":[{"@type":"WebPage","@id":"https:\/\/defko.eu\/hu\/a-vallalat\/","url":"https:\/\/defko.eu\/hu\/a-vallalat\/","name":"A defko-r\u00f3l \u00e9s \u00e9rt\u00e9keinkr\u0151l","isPartOf":{"@id":"https:\/\/defko.eu\/hu\/#website"},"datePublished":"2021-03-22T13:27:04+00:00","dateModified":"2024-03-06T09:09:58+00:00","description":"A defko a legmagasabb min\u0151s\u00e9get \u00e9s szak\u00e9rtelmet k\u00e9pviseli. Tudja meg, hogyan \u00e9rj\u00fck el \u00fcgyfeleink el\u00e9gedetts\u00e9g\u00e9t a maxim\u00e1lis kiszolg\u00e1l\u00e1ssal, \u00e1tl\u00e1that\u00f3s\u00e1ggal \u00e9s pontoss\u00e1ggal.","breadcrumb":{"@id":"https:\/\/defko.eu\/hu\/a-vallalat\/#breadcrumb"},"inLanguage":"hu","potentialAction":[{"@type":"ReadAction","target":["https:\/\/defko.eu\/hu\/a-vallalat\/"]}]},{"@type":"BreadcrumbList","@id":"https:\/\/defko.eu\/hu\/a-vallalat\/#breadcrumb","itemListElement":[{"@type":"ListItem","position":1,"name":"Startseite","item":"https:\/\/defko.eu\/hu\/"},{"@type":"ListItem","position":2,"name":"Impresszum"}]},{"@type":"WebSite","@id":"https:\/\/defko.eu\/hu\/#website","url":"https:\/\/defko.eu\/hu\/","name":"defko","description":"Superior Sinter Solutions","publisher":{"@id":"https:\/\/defko.eu\/hu\/#organization"},"potentialAction":[{"@type":"SearchAction","target":{"@type":"EntryPoint","urlTemplate":"https:\/\/defko.eu\/hu\/?s={search_term_string}"},"query-input":{"@type":"PropertyValueSpecification","valueRequired":true,"valueName":"search_term_string"}}],"inLanguage":"hu"},{"@type":"Organization","@id":"https:\/\/defko.eu\/hu\/#organization","name":"Defko","url":"https:\/\/defko.eu\/hu\/","logo":{"@type":"ImageObject","inLanguage":"hu","@id":"https:\/\/defko.eu\/hu\/#\/schema\/logo\/image\/","url":"https:\/\/defko.eu\/wp-content\/uploads\/2023\/11\/defko-card-logo.png","contentUrl":"https:\/\/defko.eu\/wp-content\/uploads\/2023\/11\/defko-card-logo.png","width":220,"height":220,"caption":"Defko"},"image":{"@id":"https:\/\/defko.eu\/hu\/#\/schema\/logo\/image\/"}}]}},"_links":{"self":[{"href":"https:\/\/defko.eu\/hu\/wp-json\/wp\/v2\/pages\/6955","targetHints":{"allow":["GET"]}}],"collection":[{"href":"https:\/\/defko.eu\/hu\/wp-json\/wp\/v2\/pages"}],"about":[{"href":"https:\/\/defko.eu\/hu\/wp-json\/wp\/v2\/types\/page"}],"author":[{"embeddable":true,"href":"https:\/\/defko.eu\/hu\/wp-json\/wp\/v2\/users\/2"}],"replies":[{"embeddable":true,"href":"https:\/\/defko.eu\/hu\/wp-json\/wp\/v2\/comments?post=6955"}],"version-history":[{"count":8,"href":"https:\/\/defko.eu\/hu\/wp-json\/wp\/v2\/pages\/6955\/revisions"}],"predecessor-version":[{"id":7132,"href":"https:\/\/defko.eu\/hu\/wp-json\/wp\/v2\/pages\/6955\/revisions\/7132"}],"wp:attachment":[{"href":"https:\/\/defko.eu\/hu\/wp-json\/wp\/v2\/media?parent=6955"}],"curies":[{"name":"wp","href":"https:\/\/api.w.org\/{rel}","templated":true}]}}