{"id":6958,"date":"2021-03-22T14:27:25","date_gmt":"2021-03-22T13:27:25","guid":{"rendered":"https:\/\/defko.eu\/?page_id=6958"},"modified":"2021-04-07T16:35:00","modified_gmt":"2021-04-07T14:35:00","slug":"legal-notice","status":"publish","type":"page","link":"https:\/\/defko.eu\/en\/legal-notice\/","title":{"rendered":"Legal Notice"},"content":{"rendered":"<p><strong>defko sinter Kft<\/strong><br \/>\nK\u00f6szegi ut 5 \u2013 7, 9400 Sopron<br \/>\n+36 99 321 098<br \/>\n+36 99 523 656<br \/>\n<a href=\"mailto:info@defko.eu\">info@defko.eu<\/a><\/p>\n<p><strong>Company:<\/strong> defko sinter Kft<br \/>\n<strong>Legal form: <\/strong>Gesellschaft mit beschr\u00e4nkter Haftung<br \/>\n<strong>Head office:<\/strong> K\u00f6szegi ut 5 \u2013 7, 9400 Sopron<\/p>\n<p><strong>Company register number: <\/strong>Cg.08-09-017746<br \/>\n<strong>Firmenbuchgericht: <\/strong>Gy\u0151ri T\u00f6rv\u00e9nysz\u00e9k Adresse: 9002 Gy\u0151r, Szt. Istv\u00e1n \u00fat 6.<br \/>\n<strong>UID no.:<\/strong> HU14669204<br \/>\n<strong>Company register court:<\/strong> 14669204-2-08<\/p>\n<p><strong>Purpose of company:<br \/>\n<\/strong>Herstellung von Sinterteilen und Werkzeugen<br \/>\n<strong>Membership at the Economic Chamber organisation:<\/strong><br \/>\nGy\u0151r-Moson-Sopron Megyei Kereskedelmi \u00e9s Iparkamara Adresse: 9021 Gy\u0151r, Szent Istv\u00e1n \u00fat 10\/A<br \/>\n<strong>Commerce and Industry Regulation Act:<br \/>\n<\/strong>Gy\u0151ri T\u00f6rv\u00e9nysz\u00e9k Adresse: 9002 Gy\u0151r, Szt. Istv\u00e1n \u00fat 6.<br \/>\n<strong>Supervisory authority\/trade authority:<br \/>\n<\/strong>B\u00fcrgermeisteramt Sopron, Sopron Megyei Jog\u00fa V\u00e1ros Polg\u00e1rmesteri Hivatala Adresse : 9400 Sopron, F\u0151 t\u00e9r 1.<\/p>\n<p><strong>Media owner:<br \/>\n<\/strong>defko sinter Kft<br \/>\n<strong>Executive Director:<br \/>\n<\/strong>Christoph Niedrist<br \/>\n<strong>Content responsibility :<br \/>\n<\/strong>Defko Sinter Kft (Anschrift wie oben)<\/p>\n<p><strong>Design and implementation:<br \/>\n<\/strong>Webquartier e.U., Heimo Runggaldier, <a href=\"http:\/\/www.webquartier.at\" target=\"_blank\" rel=\"noopener\">www.webquartier.at<\/a><\/p>\n<p>European Commission platform for online dispute resolution (OS) for consumers: https:\/\/ec.europa.eu\/consumers\/odr\/. We are not willing and not obliged to take part in a dispute resolution procedure before a consumer arbitration board.<\/p>\n","protected":false},"excerpt":{"rendered":"<p>defko sinter Kft K\u00f6szegi ut 5 \u2013 7, 9400 Sopron +36 99 321 098 +36 99 523 656 info@defko.eu Company: defko sinter Kft Legal form: Gesellschaft mit beschr\u00e4nkter Haftung Head office: K\u00f6szegi ut 5 \u2013 7, 9400 Sopron Company register number: Cg.08-09-017746 Firmenbuchgericht: Gy\u0151ri T\u00f6rv\u00e9nysz\u00e9k Adresse: 9002 Gy\u0151r, Szt. Istv\u00e1n \u00fat 6. UID no.: HU14669204 [&hellip;]<\/p>\n","protected":false},"author":2,"featured_media":0,"parent":0,"menu_order":0,"comment_status":"closed","ping_status":"closed","template":"","meta":{"footnotes":""},"class_list":["post-6958","page","type-page","status-publish","hentry"],"yoast_head":"<!-- This site is optimized with the Yoast SEO plugin v27.3 - https:\/\/yoast.com\/product\/yoast-seo-wordpress\/ -->\n<title>Legal Notice - defko<\/title>\n<meta name=\"description\" content=\"Access essential information in defko&#039;s Legal Notice, including company details, legal form, head office, and registration numbers. Understand our legal framework and responsibilities.\" \/>\n<meta name=\"robots\" content=\"noindex, follow\" \/>\n<meta property=\"og:locale\" content=\"en_US\" \/>\n<meta property=\"og:type\" content=\"article\" \/>\n<meta property=\"og:title\" content=\"Legal Notice - defko\" \/>\n<meta property=\"og:description\" content=\"Access essential information in defko&#039;s Legal Notice, including company details, legal form, head office, and registration numbers. Understand our legal framework and responsibilities.\" \/>\n<meta property=\"og:url\" content=\"https:\/\/defko.eu\/en\/legal-notice\/\" \/>\n<meta property=\"og:site_name\" content=\"defko\" \/>\n<meta property=\"article:modified_time\" content=\"2021-04-07T14:35:00+00:00\" \/>\n<meta property=\"og:image\" content=\"https:\/\/defko.eu\/wp-content\/uploads\/2023\/11\/defko-card-logo.png\" \/>\n\t<meta property=\"og:image:width\" content=\"220\" \/>\n\t<meta property=\"og:image:height\" content=\"220\" \/>\n\t<meta property=\"og:image:type\" content=\"image\/png\" \/>\n<script type=\"application\/ld+json\" class=\"yoast-schema-graph\">{\"@context\":\"https:\\\/\\\/schema.org\",\"@graph\":[{\"@type\":\"WebPage\",\"@id\":\"https:\\\/\\\/defko.eu\\\/en\\\/legal-notice\\\/\",\"url\":\"https:\\\/\\\/defko.eu\\\/en\\\/legal-notice\\\/\",\"name\":\"Legal Notice - defko\",\"isPartOf\":{\"@id\":\"https:\\\/\\\/defko.eu\\\/en\\\/#website\"},\"datePublished\":\"2021-03-22T13:27:25+00:00\",\"dateModified\":\"2021-04-07T14:35:00+00:00\",\"description\":\"Access essential information in defko's Legal Notice, including company details, legal form, head office, and registration numbers. Understand our legal framework and responsibilities.\",\"breadcrumb\":{\"@id\":\"https:\\\/\\\/defko.eu\\\/en\\\/legal-notice\\\/#breadcrumb\"},\"inLanguage\":\"en-US\",\"potentialAction\":[{\"@type\":\"ReadAction\",\"target\":[\"https:\\\/\\\/defko.eu\\\/en\\\/legal-notice\\\/\"]}]},{\"@type\":\"BreadcrumbList\",\"@id\":\"https:\\\/\\\/defko.eu\\\/en\\\/legal-notice\\\/#breadcrumb\",\"itemListElement\":[{\"@type\":\"ListItem\",\"position\":1,\"name\":\"Startseite\",\"item\":\"https:\\\/\\\/defko.eu\\\/en\\\/\"},{\"@type\":\"ListItem\",\"position\":2,\"name\":\"Legal Notice\"}]},{\"@type\":\"WebSite\",\"@id\":\"https:\\\/\\\/defko.eu\\\/en\\\/#website\",\"url\":\"https:\\\/\\\/defko.eu\\\/en\\\/\",\"name\":\"defko\",\"description\":\"Superior Sinter Solutions\",\"publisher\":{\"@id\":\"https:\\\/\\\/defko.eu\\\/en\\\/#organization\"},\"potentialAction\":[{\"@type\":\"SearchAction\",\"target\":{\"@type\":\"EntryPoint\",\"urlTemplate\":\"https:\\\/\\\/defko.eu\\\/en\\\/?s={search_term_string}\"},\"query-input\":{\"@type\":\"PropertyValueSpecification\",\"valueRequired\":true,\"valueName\":\"search_term_string\"}}],\"inLanguage\":\"en-US\"},{\"@type\":\"Organization\",\"@id\":\"https:\\\/\\\/defko.eu\\\/en\\\/#organization\",\"name\":\"Defko\",\"url\":\"https:\\\/\\\/defko.eu\\\/en\\\/\",\"logo\":{\"@type\":\"ImageObject\",\"inLanguage\":\"en-US\",\"@id\":\"https:\\\/\\\/defko.eu\\\/en\\\/#\\\/schema\\\/logo\\\/image\\\/\",\"url\":\"https:\\\/\\\/defko.eu\\\/wp-content\\\/uploads\\\/2023\\\/11\\\/defko-card-logo.png\",\"contentUrl\":\"https:\\\/\\\/defko.eu\\\/wp-content\\\/uploads\\\/2023\\\/11\\\/defko-card-logo.png\",\"width\":220,\"height\":220,\"caption\":\"Defko\"},\"image\":{\"@id\":\"https:\\\/\\\/defko.eu\\\/en\\\/#\\\/schema\\\/logo\\\/image\\\/\"}}]}<\/script>\n<!-- \/ Yoast SEO plugin. -->","yoast_head_json":{"title":"Legal Notice - defko","description":"Access essential information in defko's Legal Notice, including company details, legal form, head office, and registration numbers. Understand our legal framework and responsibilities.","robots":{"index":"noindex","follow":"follow"},"og_locale":"en_US","og_type":"article","og_title":"Legal Notice - defko","og_description":"Access essential information in defko's Legal Notice, including company details, legal form, head office, and registration numbers. Understand our legal framework and responsibilities.","og_url":"https:\/\/defko.eu\/en\/legal-notice\/","og_site_name":"defko","article_modified_time":"2021-04-07T14:35:00+00:00","og_image":[{"width":220,"height":220,"url":"https:\/\/defko.eu\/wp-content\/uploads\/2023\/11\/defko-card-logo.png","type":"image\/png"}],"schema":{"@context":"https:\/\/schema.org","@graph":[{"@type":"WebPage","@id":"https:\/\/defko.eu\/en\/legal-notice\/","url":"https:\/\/defko.eu\/en\/legal-notice\/","name":"Legal Notice - defko","isPartOf":{"@id":"https:\/\/defko.eu\/en\/#website"},"datePublished":"2021-03-22T13:27:25+00:00","dateModified":"2021-04-07T14:35:00+00:00","description":"Access essential information in defko's Legal Notice, including company details, legal form, head office, and registration numbers. Understand our legal framework and responsibilities.","breadcrumb":{"@id":"https:\/\/defko.eu\/en\/legal-notice\/#breadcrumb"},"inLanguage":"en-US","potentialAction":[{"@type":"ReadAction","target":["https:\/\/defko.eu\/en\/legal-notice\/"]}]},{"@type":"BreadcrumbList","@id":"https:\/\/defko.eu\/en\/legal-notice\/#breadcrumb","itemListElement":[{"@type":"ListItem","position":1,"name":"Startseite","item":"https:\/\/defko.eu\/en\/"},{"@type":"ListItem","position":2,"name":"Legal Notice"}]},{"@type":"WebSite","@id":"https:\/\/defko.eu\/en\/#website","url":"https:\/\/defko.eu\/en\/","name":"defko","description":"Superior Sinter Solutions","publisher":{"@id":"https:\/\/defko.eu\/en\/#organization"},"potentialAction":[{"@type":"SearchAction","target":{"@type":"EntryPoint","urlTemplate":"https:\/\/defko.eu\/en\/?s={search_term_string}"},"query-input":{"@type":"PropertyValueSpecification","valueRequired":true,"valueName":"search_term_string"}}],"inLanguage":"en-US"},{"@type":"Organization","@id":"https:\/\/defko.eu\/en\/#organization","name":"Defko","url":"https:\/\/defko.eu\/en\/","logo":{"@type":"ImageObject","inLanguage":"en-US","@id":"https:\/\/defko.eu\/en\/#\/schema\/logo\/image\/","url":"https:\/\/defko.eu\/wp-content\/uploads\/2023\/11\/defko-card-logo.png","contentUrl":"https:\/\/defko.eu\/wp-content\/uploads\/2023\/11\/defko-card-logo.png","width":220,"height":220,"caption":"Defko"},"image":{"@id":"https:\/\/defko.eu\/en\/#\/schema\/logo\/image\/"}}]}},"_links":{"self":[{"href":"https:\/\/defko.eu\/en\/wp-json\/wp\/v2\/pages\/6958","targetHints":{"allow":["GET"]}}],"collection":[{"href":"https:\/\/defko.eu\/en\/wp-json\/wp\/v2\/pages"}],"about":[{"href":"https:\/\/defko.eu\/en\/wp-json\/wp\/v2\/types\/page"}],"author":[{"embeddable":true,"href":"https:\/\/defko.eu\/en\/wp-json\/wp\/v2\/users\/2"}],"replies":[{"embeddable":true,"href":"https:\/\/defko.eu\/en\/wp-json\/wp\/v2\/comments?post=6958"}],"version-history":[{"count":5,"href":"https:\/\/defko.eu\/en\/wp-json\/wp\/v2\/pages\/6958\/revisions"}],"predecessor-version":[{"id":7196,"href":"https:\/\/defko.eu\/en\/wp-json\/wp\/v2\/pages\/6958\/revisions\/7196"}],"wp:attachment":[{"href":"https:\/\/defko.eu\/en\/wp-json\/wp\/v2\/media?parent=6958"}],"curies":[{"name":"wp","href":"https:\/\/api.w.org\/{rel}","templated":true}]}}